{"id":1621,"date":"2023-03-15T12:03:25","date_gmt":"2023-03-15T12:03:25","guid":{"rendered":"https:\/\/somnisdelemporda.com\/entorn\/"},"modified":"2024-06-18T09:08:35","modified_gmt":"2024-06-18T09:08:35","slug":"entorn","status":"publish","type":"page","link":"https:\/\/somnisdelemporda.com\/ca\/entorn\/","title":{"rendered":"Entorn"},"content":{"rendered":"\n<h1 class=\"wp-block-heading\">{post_title}<\/h1>\n<p><!-- wp:Array \/--><\/p>\n<p><!-- wp:Array \/--><\/p>\n\n<h2 class=\"wp-block-heading\">Aiguamolls de l\u00b4Empord\u00e0<\/h2>\n\n<figure class=\"wp-block-image size-full\"><img decoding=\"async\" width=\"1181\" height=\"787\" src=\"https:\/\/somnisdelemporda.com\/wp-content\/uploads\/2023\/03\/aiguamolls.jpg\" alt=\"\" class=\"wp-image-472\" srcset=\"https:\/\/somnisdelemporda.com\/wp-content\/uploads\/2023\/03\/aiguamolls.jpg 1181w, https:\/\/somnisdelemporda.com\/wp-content\/uploads\/2023\/03\/aiguamolls-300x200.jpg 300w, https:\/\/somnisdelemporda.com\/wp-content\/uploads\/2023\/03\/aiguamolls-1024x682.jpg 1024w, https:\/\/somnisdelemporda.com\/wp-content\/uploads\/2023\/03\/aiguamolls-768x512.jpg 768w\" sizes=\"(max-width: 1181px) 100vw, 1181px\" \/><\/figure>\n\n<figure class=\"wp-block-image size-full\"><img decoding=\"async\" width=\"300\" height=\"300\" src=\"https:\/\/somnisdelemporda.com\/wp-content\/uploads\/2023\/03\/museo-Dali.jpg\" alt=\"\" class=\"wp-image-493\" srcset=\"https:\/\/somnisdelemporda.com\/wp-content\/uploads\/2023\/03\/museo-Dali.jpg 300w, https:\/\/somnisdelemporda.com\/wp-content\/uploads\/2023\/03\/museo-Dali-150x150.jpg 150w\" sizes=\"(max-width: 300px) 100vw, 300px\" \/><\/figure>\n\n<h2 class=\"wp-block-heading\">Museu Dal\u00ed<\/h2>\n\n<p><\/p><p>Entreu al m\u00f3n surrealista de Salvador Dal\u00ed seguint els seus passos pel <strong>Triangle Dalini\u00e0<\/strong> . Envoltar-vos d&#8217;art, genialitat i excentricitat.<\/p>\n<p>El triangle Dalini\u00e0 El formen els municipis de Figueres, P\u00fabol i Portlligat, es troben a 10km, 27km i 36km respectivament de Somnis de l\u00b4Empord\u00e0.<\/p>\n<p>Salvador Dal\u00ed \u00e9s considerat per molts un geni, per altres un boig o un exc\u00e8ntric\u2026 per\u00f2 el que no hi ha discussi\u00f3 \u00e9s que va ser un dels m\u00e0xims exponents de l&#8217;art surrealista a nivell mundial. La seva activitat creativa, a banda de la pintura, tamb\u00e9 va ser palesa en el cinema, el disseny i l&#8217;escriptura, fusionant el personatge, l&#8217;obra i convertint-lo en un provocador. Us proposem seguir les petjades de Salvador Dal\u00ed.<\/p>\n<p>Teatre Museu Dal\u00ed va ser dissenyat per ell mateix i ofereix a qui visita una experi\u00e8ncia \u00fanica i captivadora dins del m\u00f3n surrealista del pintor. El recorregut per les sales permet observar les seves primeres experi\u00e8ncies art\u00edstiques, el surrealisme, la m\u00edstica nuclear i la passi\u00f3 per la ci\u00e8ncia fins a arribar a les obres dels darrers anys. (Si visitareu el museu Dal\u00ed al mes d&#8217;agost obren a la nit i amb guia. \u00c9s una experi\u00e8ncia que no us la podeu perdre.<\/p>\n<ul>\n<li>La <strong>Casa Museo Dal\u00ed<\/strong> fue construida sobre unas antiguas barracas de pescadores en Portlligat (Cadaques) Por dentro, tiene una estructura laber\u00edntica donde es f\u00e1cil perderse y est\u00e0 decorada con una colecci\u00f3n de objetos que fue coleccionando a lo largo de su vida. Entre sus aposentos, se pueden contemplar su taller, la biblioteca, las habitaciones donde transcurr\u00eda su vida diaria, jard\u00edn y la piscina.<\/li>\n<li>P\u00fabol es el pueblo donde Dal\u00ed compr\u00f3 el <strong>castillo medieval del s.XIV como regalo a su mujer y musa Gala.<\/strong> Fue el propio Dal\u00ed quien se encarg\u00f3 de la decoraci\u00f3n de su interior con antig\u00fcedades, simbolog\u00eda rom\u00e1ntica y barroca. Como curiosidad cabe destacar, que s\u00f3lo pod\u00eda visitarla quien tuviera una invitaci\u00f3n escrita por ella, incluso el propio Dal\u00ed la necesitaba. A partir del a\u00f1o 1982, Dal\u00ed se retir\u00f3 de la vida p\u00fablica debido a la muerte de su musa Gala y el <strong>Castillo Gala-Dal\u00ed<\/strong> se convirti\u00f3 en su \u00faltimo taller y en el mausoleo de su amada.<\/li>\n<\/ul>\n\n<figure class=\"wp-block-image size-full\"><img decoding=\"async\" width=\"900\" height=\"500\" src=\"https:\/\/somnisdelemporda.com\/wp-content\/uploads\/2023\/03\/castillo-de-peralada.jpg\" alt=\"\" class=\"wp-image-508\" srcset=\"https:\/\/somnisdelemporda.com\/wp-content\/uploads\/2023\/03\/castillo-de-peralada.jpg 900w, https:\/\/somnisdelemporda.com\/wp-content\/uploads\/2023\/03\/castillo-de-peralada-300x167.jpg 300w, https:\/\/somnisdelemporda.com\/wp-content\/uploads\/2023\/03\/castillo-de-peralada-768x427.jpg 768w\" sizes=\"(max-width: 900px) 100vw, 900px\" \/><\/figure>\n\n<h2 class=\"wp-block-heading\">El Castell de Peralada<\/h2>\n\n<p>El castell de Perelada es troba a 19 km de Somnis de l\u00b4Empord\u00e0, \u00e9s una fortalesa medieval del s.XIV flanquejada per les dues imponents torres i envoltada per un llac, amb 8 hect\u00e0rees de m\u00e0gics jardins. Durant els mesos d&#8217;estiu el Castell es converteix en l&#8217;escenari perfecte per celebrar el <strong>Festival de Perelada. El castell acull casino, restaurant amb <\/strong>estrella Michelin, una de les biblioteques privades m\u00e9s grans de Catalunya i un museu.<\/p>\n\n<figure class=\"wp-block-image size-full\"><img decoding=\"async\" width=\"1301\" height=\"976\" src=\"https:\/\/somnisdelemporda.com\/wp-content\/uploads\/2023\/03\/cap-de-creus.jpg\" alt=\"\" class=\"wp-image-504\" srcset=\"https:\/\/somnisdelemporda.com\/wp-content\/uploads\/2023\/03\/cap-de-creus.jpg 1301w, https:\/\/somnisdelemporda.com\/wp-content\/uploads\/2023\/03\/cap-de-creus-300x225.jpg 300w, https:\/\/somnisdelemporda.com\/wp-content\/uploads\/2023\/03\/cap-de-creus-1024x768.jpg 1024w, https:\/\/somnisdelemporda.com\/wp-content\/uploads\/2023\/03\/cap-de-creus-768x576.jpg 768w\" sizes=\"(max-width: 1301px) 100vw, 1301px\" \/><\/figure>\n\n<h2 class=\"wp-block-heading\">Cap de Creus<\/h2>\n\n<p><\/p><p> El Cap de Creus \u00e9s a 45 km de Somnis de l\u00b4Empord\u00e0. Est\u00e0 format per penya-segats i roques que contrasten amb les precioses cales rec\u00f2ndites, <strong>cala Fredosa<\/strong> i <strong>Cala Tavallera<\/strong> s\u00f3n unes de les m\u00e9s espectaculars. Aquesta zona destaca per la bellesa paisatg\u00edstica, la gran diversitat biol\u00f2gica i ecol\u00f2gica. Des del <strong><u><a href=\"https:\/\/catalunyaturisme.cat\/far-del-cap-de-creus\/\">Far del Cap de Creus<\/a><\/u><\/strong> . podreu contemplar una part de la gran extensi\u00f3 del parc.<\/p>\n<p>Un dels monuments m\u00e9s importants del Cap de Creus \u00e9s el monestir de Sant Pere de Rodes, que data del segle X i sorpr\u00e8n per la bellesa del paratge on es troba.<\/p>\n\n<figure class=\"wp-block-image size-full\"><img decoding=\"async\" width=\"1061\" height=\"630\" src=\"https:\/\/somnisdelemporda.com\/wp-content\/uploads\/2023\/03\/empuries-ruinas.jpg\" alt=\"\" class=\"wp-image-500\" srcset=\"https:\/\/somnisdelemporda.com\/wp-content\/uploads\/2023\/03\/empuries-ruinas.jpg 1061w, https:\/\/somnisdelemporda.com\/wp-content\/uploads\/2023\/03\/empuries-ruinas-300x178.jpg 300w, https:\/\/somnisdelemporda.com\/wp-content\/uploads\/2023\/03\/empuries-ruinas-1024x608.jpg 1024w, https:\/\/somnisdelemporda.com\/wp-content\/uploads\/2023\/03\/empuries-ruinas-768x456.jpg 768w\" sizes=\"(max-width: 1061px) 100vw, 1061px\" \/><\/figure>\n\n<h2 class=\"wp-block-heading\">Ru\u00efnes d&#8217;Empuries<\/h2>\n\n<p>Sant Mart\u00ed d\u00b4Empuries \u00e9s un preci\u00f3s poble mediaval emmurallat que es troba a 13 km de Somnis de l\u00b4Empord\u00e0. Tota una joia on no hi ha m\u00e9s de 40 habitants censats, t\u00e9 una platja preciosa amb les restes del moll grec on contemplar m\u00e0gics capvespres , hi ha un cam\u00ed de ronda que va de St. Mart\u00ed a l\u00b4Escala i Les ru\u00efnes de la ciutat grecoromana d\u00b4Emp\u00faries que constitueix el jaciment m\u00e9s visitat de Catalunya i dels m\u00e9s importants d\u00b4Espanya, est\u00e0 qualificat per la UNESCO com un dels m\u00e9s bonics del m\u00f3n. <\/p>\n","protected":false},"excerpt":{"rendered":"<p>{post_title} Aiguamolls de l\u00b4Empord\u00e0 Museu Dal\u00ed Entreu al m\u00f3n surrealista de Salvador Dal\u00ed seguint els seus passos pel Triangle Dalini\u00e0 . Envoltar-vos d&#8217;art, genialitat i excentricitat. El triangle Dalini\u00e0 El formen els municipis de Figueres, P\u00fabol i Portlligat, es troben a 10km, 27km i 36km respectivament de Somnis de l\u00b4Empord\u00e0. Salvador Dal\u00ed \u00e9s considerat per [&hellip;]<\/p>\n","protected":false},"author":1,"featured_media":0,"parent":0,"menu_order":0,"comment_status":"closed","ping_status":"closed","template":"","meta":{"_joinchat":[],"footnotes":""},"class_list":["post-1621","page","type-page","status-publish","hentry"],"yoast_head":"<!-- This site is optimized with the Yoast SEO plugin v27.4 - https:\/\/yoast.com\/product\/yoast-seo-wordpress\/ -->\n<title>Entorn - Somnis de l&#039;Empord\u00e0<\/title>\n<meta name=\"robots\" content=\"index, follow, max-snippet:-1, max-image-preview:large, max-video-preview:-1\" \/>\n<link rel=\"canonical\" href=\"https:\/\/somnisdelemporda.com\/ca\/entorn\/\" \/>\n<meta property=\"og:locale\" content=\"ca_ES\" \/>\n<meta property=\"og:type\" content=\"article\" \/>\n<meta property=\"og:title\" content=\"Entorn - Somnis de l&#039;Empord\u00e0\" \/>\n<meta property=\"og:description\" content=\"{post_title} Aiguamolls de l\u00b4Empord\u00e0 Museu Dal\u00ed Entreu al m\u00f3n surrealista de Salvador Dal\u00ed seguint els seus passos pel Triangle Dalini\u00e0 . Envoltar-vos d&#8217;art, genialitat i excentricitat. El triangle Dalini\u00e0 El formen els municipis de Figueres, P\u00fabol i Portlligat, es troben a 10km, 27km i 36km respectivament de Somnis de l\u00b4Empord\u00e0. Salvador Dal\u00ed \u00e9s considerat per [&hellip;]\" \/>\n<meta property=\"og:url\" content=\"https:\/\/somnisdelemporda.com\/ca\/entorn\/\" \/>\n<meta property=\"og:site_name\" content=\"Somnis de l&#039;Empord\u00e0\" \/>\n<meta property=\"article:publisher\" content=\"https:\/\/www.facebook.com\/people\/Somnis-de-l-Empord\/100063805333548\/\" \/>\n<meta property=\"article:modified_time\" content=\"2024-06-18T09:08:35+00:00\" \/>\n<meta property=\"og:image\" content=\"https:\/\/somnisdelemporda.com\/wp-content\/uploads\/2023\/03\/aiguamolls.jpg\" \/>\n<meta name=\"twitter:card\" content=\"summary_large_image\" \/>\n<meta name=\"twitter:label1\" content=\"Temps estimat de lectura\" \/>\n\t<meta name=\"twitter:data1\" content=\"3 minuts\" \/>\n<script type=\"application\/ld+json\" class=\"yoast-schema-graph\">{\"@context\":\"https:\\\/\\\/schema.org\",\"@graph\":[{\"@type\":\"WebPage\",\"@id\":\"https:\\\/\\\/somnisdelemporda.com\\\/ca\\\/entorn\\\/\",\"url\":\"https:\\\/\\\/somnisdelemporda.com\\\/ca\\\/entorn\\\/\",\"name\":\"Entorn - Somnis de l&#039;Empord\u00e0\",\"isPartOf\":{\"@id\":\"https:\\\/\\\/somnisdelemporda.com\\\/ca\\\/#website\"},\"primaryImageOfPage\":{\"@id\":\"https:\\\/\\\/somnisdelemporda.com\\\/ca\\\/entorn\\\/#primaryimage\"},\"image\":{\"@id\":\"https:\\\/\\\/somnisdelemporda.com\\\/ca\\\/entorn\\\/#primaryimage\"},\"thumbnailUrl\":\"https:\\\/\\\/somnisdelemporda.com\\\/wp-content\\\/uploads\\\/2023\\\/03\\\/aiguamolls.jpg\",\"datePublished\":\"2023-03-15T12:03:25+00:00\",\"dateModified\":\"2024-06-18T09:08:35+00:00\",\"breadcrumb\":{\"@id\":\"https:\\\/\\\/somnisdelemporda.com\\\/ca\\\/entorn\\\/#breadcrumb\"},\"inLanguage\":\"ca\",\"potentialAction\":[{\"@type\":\"ReadAction\",\"target\":[\"https:\\\/\\\/somnisdelemporda.com\\\/ca\\\/entorn\\\/\"]}]},{\"@type\":\"ImageObject\",\"inLanguage\":\"ca\",\"@id\":\"https:\\\/\\\/somnisdelemporda.com\\\/ca\\\/entorn\\\/#primaryimage\",\"url\":\"https:\\\/\\\/somnisdelemporda.com\\\/wp-content\\\/uploads\\\/2023\\\/03\\\/aiguamolls.jpg\",\"contentUrl\":\"https:\\\/\\\/somnisdelemporda.com\\\/wp-content\\\/uploads\\\/2023\\\/03\\\/aiguamolls.jpg\"},{\"@type\":\"BreadcrumbList\",\"@id\":\"https:\\\/\\\/somnisdelemporda.com\\\/ca\\\/entorn\\\/#breadcrumb\",\"itemListElement\":[{\"@type\":\"ListItem\",\"position\":1,\"name\":\"Portada\",\"item\":\"https:\\\/\\\/somnisdelemporda.com\\\/ca\\\/\"},{\"@type\":\"ListItem\",\"position\":2,\"name\":\"Entorn\"}]},{\"@type\":\"WebSite\",\"@id\":\"https:\\\/\\\/somnisdelemporda.com\\\/ca\\\/#website\",\"url\":\"https:\\\/\\\/somnisdelemporda.com\\\/ca\\\/\",\"name\":\"Somnis de l'Empord\u00e0\",\"description\":\"Mas\u00eda rural en el coraz\u00f3n de l&#039;Empord\u00e0\",\"publisher\":{\"@id\":\"https:\\\/\\\/somnisdelemporda.com\\\/ca\\\/#organization\"},\"potentialAction\":[{\"@type\":\"SearchAction\",\"target\":{\"@type\":\"EntryPoint\",\"urlTemplate\":\"https:\\\/\\\/somnisdelemporda.com\\\/ca\\\/?s={search_term_string}\"},\"query-input\":{\"@type\":\"PropertyValueSpecification\",\"valueRequired\":true,\"valueName\":\"search_term_string\"}}],\"inLanguage\":\"ca\"},{\"@type\":\"Organization\",\"@id\":\"https:\\\/\\\/somnisdelemporda.com\\\/ca\\\/#organization\",\"name\":\"Somnis de l'Empord\u00e0\",\"url\":\"https:\\\/\\\/somnisdelemporda.com\\\/ca\\\/\",\"logo\":{\"@type\":\"ImageObject\",\"inLanguage\":\"ca\",\"@id\":\"https:\\\/\\\/somnisdelemporda.com\\\/ca\\\/#\\\/schema\\\/logo\\\/image\\\/\",\"url\":\"https:\\\/\\\/somnisdelemporda.com\\\/wp-content\\\/uploads\\\/2023\\\/03\\\/logo-somnis-de-lemporda_Logo-sans-serif.svg\",\"contentUrl\":\"https:\\\/\\\/somnisdelemporda.com\\\/wp-content\\\/uploads\\\/2023\\\/03\\\/logo-somnis-de-lemporda_Logo-sans-serif.svg\",\"caption\":\"Somnis de l'Empord\u00e0\"},\"image\":{\"@id\":\"https:\\\/\\\/somnisdelemporda.com\\\/ca\\\/#\\\/schema\\\/logo\\\/image\\\/\"},\"sameAs\":[\"https:\\\/\\\/www.facebook.com\\\/people\\\/Somnis-de-l-Empord\\\/100063805333548\\\/\"]}]}<\/script>\n<!-- \/ Yoast SEO plugin. -->","yoast_head_json":{"title":"Entorn - Somnis de l&#039;Empord\u00e0","robots":{"index":"index","follow":"follow","max-snippet":"max-snippet:-1","max-image-preview":"max-image-preview:large","max-video-preview":"max-video-preview:-1"},"canonical":"https:\/\/somnisdelemporda.com\/ca\/entorn\/","og_locale":"ca_ES","og_type":"article","og_title":"Entorn - Somnis de l&#039;Empord\u00e0","og_description":"{post_title} Aiguamolls de l\u00b4Empord\u00e0 Museu Dal\u00ed Entreu al m\u00f3n surrealista de Salvador Dal\u00ed seguint els seus passos pel Triangle Dalini\u00e0 . Envoltar-vos d&#8217;art, genialitat i excentricitat. El triangle Dalini\u00e0 El formen els municipis de Figueres, P\u00fabol i Portlligat, es troben a 10km, 27km i 36km respectivament de Somnis de l\u00b4Empord\u00e0. Salvador Dal\u00ed \u00e9s considerat per [&hellip;]","og_url":"https:\/\/somnisdelemporda.com\/ca\/entorn\/","og_site_name":"Somnis de l&#039;Empord\u00e0","article_publisher":"https:\/\/www.facebook.com\/people\/Somnis-de-l-Empord\/100063805333548\/","article_modified_time":"2024-06-18T09:08:35+00:00","og_image":[{"url":"https:\/\/somnisdelemporda.com\/wp-content\/uploads\/2023\/03\/aiguamolls.jpg","type":"","width":"","height":""}],"twitter_card":"summary_large_image","twitter_misc":{"Temps estimat de lectura":"3 minuts"},"schema":{"@context":"https:\/\/schema.org","@graph":[{"@type":"WebPage","@id":"https:\/\/somnisdelemporda.com\/ca\/entorn\/","url":"https:\/\/somnisdelemporda.com\/ca\/entorn\/","name":"Entorn - Somnis de l&#039;Empord\u00e0","isPartOf":{"@id":"https:\/\/somnisdelemporda.com\/ca\/#website"},"primaryImageOfPage":{"@id":"https:\/\/somnisdelemporda.com\/ca\/entorn\/#primaryimage"},"image":{"@id":"https:\/\/somnisdelemporda.com\/ca\/entorn\/#primaryimage"},"thumbnailUrl":"https:\/\/somnisdelemporda.com\/wp-content\/uploads\/2023\/03\/aiguamolls.jpg","datePublished":"2023-03-15T12:03:25+00:00","dateModified":"2024-06-18T09:08:35+00:00","breadcrumb":{"@id":"https:\/\/somnisdelemporda.com\/ca\/entorn\/#breadcrumb"},"inLanguage":"ca","potentialAction":[{"@type":"ReadAction","target":["https:\/\/somnisdelemporda.com\/ca\/entorn\/"]}]},{"@type":"ImageObject","inLanguage":"ca","@id":"https:\/\/somnisdelemporda.com\/ca\/entorn\/#primaryimage","url":"https:\/\/somnisdelemporda.com\/wp-content\/uploads\/2023\/03\/aiguamolls.jpg","contentUrl":"https:\/\/somnisdelemporda.com\/wp-content\/uploads\/2023\/03\/aiguamolls.jpg"},{"@type":"BreadcrumbList","@id":"https:\/\/somnisdelemporda.com\/ca\/entorn\/#breadcrumb","itemListElement":[{"@type":"ListItem","position":1,"name":"Portada","item":"https:\/\/somnisdelemporda.com\/ca\/"},{"@type":"ListItem","position":2,"name":"Entorn"}]},{"@type":"WebSite","@id":"https:\/\/somnisdelemporda.com\/ca\/#website","url":"https:\/\/somnisdelemporda.com\/ca\/","name":"Somnis de l'Empord\u00e0","description":"Mas\u00eda rural en el coraz\u00f3n de l&#039;Empord\u00e0","publisher":{"@id":"https:\/\/somnisdelemporda.com\/ca\/#organization"},"potentialAction":[{"@type":"SearchAction","target":{"@type":"EntryPoint","urlTemplate":"https:\/\/somnisdelemporda.com\/ca\/?s={search_term_string}"},"query-input":{"@type":"PropertyValueSpecification","valueRequired":true,"valueName":"search_term_string"}}],"inLanguage":"ca"},{"@type":"Organization","@id":"https:\/\/somnisdelemporda.com\/ca\/#organization","name":"Somnis de l'Empord\u00e0","url":"https:\/\/somnisdelemporda.com\/ca\/","logo":{"@type":"ImageObject","inLanguage":"ca","@id":"https:\/\/somnisdelemporda.com\/ca\/#\/schema\/logo\/image\/","url":"https:\/\/somnisdelemporda.com\/wp-content\/uploads\/2023\/03\/logo-somnis-de-lemporda_Logo-sans-serif.svg","contentUrl":"https:\/\/somnisdelemporda.com\/wp-content\/uploads\/2023\/03\/logo-somnis-de-lemporda_Logo-sans-serif.svg","caption":"Somnis de l'Empord\u00e0"},"image":{"@id":"https:\/\/somnisdelemporda.com\/ca\/#\/schema\/logo\/image\/"},"sameAs":["https:\/\/www.facebook.com\/people\/Somnis-de-l-Empord\/100063805333548\/"]}]}},"_links":{"self":[{"href":"https:\/\/somnisdelemporda.com\/ca\/wp-json\/wp\/v2\/pages\/1621","targetHints":{"allow":["GET"]}}],"collection":[{"href":"https:\/\/somnisdelemporda.com\/ca\/wp-json\/wp\/v2\/pages"}],"about":[{"href":"https:\/\/somnisdelemporda.com\/ca\/wp-json\/wp\/v2\/types\/page"}],"author":[{"embeddable":true,"href":"https:\/\/somnisdelemporda.com\/ca\/wp-json\/wp\/v2\/users\/1"}],"replies":[{"embeddable":true,"href":"https:\/\/somnisdelemporda.com\/ca\/wp-json\/wp\/v2\/comments?post=1621"}],"version-history":[{"count":1,"href":"https:\/\/somnisdelemporda.com\/ca\/wp-json\/wp\/v2\/pages\/1621\/revisions"}],"predecessor-version":[{"id":1622,"href":"https:\/\/somnisdelemporda.com\/ca\/wp-json\/wp\/v2\/pages\/1621\/revisions\/1622"}],"wp:attachment":[{"href":"https:\/\/somnisdelemporda.com\/ca\/wp-json\/wp\/v2\/media?parent=1621"}],"curies":[{"name":"wp","href":"https:\/\/api.w.org\/{rel}","templated":true}]}}