{"id":1641,"date":"2023-03-15T16:35:48","date_gmt":"2023-03-15T16:35:48","guid":{"rendered":"https:\/\/somnisdelemporda.com\/ubicacio\/"},"modified":"2024-06-18T09:08:37","modified_gmt":"2024-06-18T09:08:37","slug":"ubicacio","status":"publish","type":"page","link":"https:\/\/somnisdelemporda.com\/ca\/ubicacio\/","title":{"rendered":"Ubicaci\u00f3"},"content":{"rendered":"<h1 class=\"wp-block-heading\">{post_title}<\/h1><h2 class=\"wp-block-heading\">Somnis de l&#8217;Empord\u00e0<\/h2><h3 class=\"wp-block-heading\">Tel\u00e8fon i WhatsApp<\/h3>680829724<figure class=\"wp-block-image size-full\"><img decoding=\"async\" width=\"1707\" height=\"2560\" src=\"https:\/\/somnisdelemporda.com\/wp-content\/uploads\/2023\/03\/B2A3097-scaled.jpg\" alt=\"\" class=\"wp-image-377\" srcset=\"https:\/\/somnisdelemporda.com\/wp-content\/uploads\/2023\/03\/B2A3097-scaled.jpg 1707w, https:\/\/somnisdelemporda.com\/wp-content\/uploads\/2023\/03\/B2A3097-200x300.jpg 200w, https:\/\/somnisdelemporda.com\/wp-content\/uploads\/2023\/03\/B2A3097-683x1024.jpg 683w, https:\/\/somnisdelemporda.com\/wp-content\/uploads\/2023\/03\/B2A3097-768x1152.jpg 768w, https:\/\/somnisdelemporda.com\/wp-content\/uploads\/2023\/03\/B2A3097-1024x1536.jpg 1024w, https:\/\/somnisdelemporda.com\/wp-content\/uploads\/2023\/03\/B2A3097-1365x2048.jpg 1365w\" sizes=\"(max-width: 1707px) 100vw, 1707px\" \/><\/figure>Carretere C31A, 17474 Torroella de Fluvi\u00e0 (Vilacolum)","protected":false},"excerpt":{"rendered":"<p>{post_title} Somnis de l&#8217;Empord\u00e0 Tel\u00e8fon i WhatsApp 680829724Carretere C31A, 17474 Torroella de Fluvi\u00e0 (Vilacolum)<\/p>\n","protected":false},"author":1,"featured_media":0,"parent":0,"menu_order":0,"comment_status":"closed","ping_status":"closed","template":"","meta":{"_joinchat":[],"footnotes":""},"class_list":["post-1641","page","type-page","status-publish","hentry"],"yoast_head":"<!-- This site is optimized with the Yoast SEO plugin v27.4 - https:\/\/yoast.com\/product\/yoast-seo-wordpress\/ -->\n<title>Ubicaci\u00f3 - Somnis de l&#039;Empord\u00e0<\/title>\n<meta name=\"robots\" content=\"index, follow, max-snippet:-1, max-image-preview:large, max-video-preview:-1\" \/>\n<link rel=\"canonical\" href=\"https:\/\/somnisdelemporda.com\/ca\/ubicacio\/\" \/>\n<meta property=\"og:locale\" content=\"ca_ES\" \/>\n<meta property=\"og:type\" content=\"article\" \/>\n<meta property=\"og:title\" content=\"Ubicaci\u00f3 - Somnis de l&#039;Empord\u00e0\" \/>\n<meta property=\"og:description\" content=\"{post_title} Somnis de l&#8217;Empord\u00e0 Tel\u00e8fon i WhatsApp 680829724Carretere C31A, 17474 Torroella de Fluvi\u00e0 (Vilacolum)\" \/>\n<meta property=\"og:url\" content=\"https:\/\/somnisdelemporda.com\/ca\/ubicacio\/\" \/>\n<meta property=\"og:site_name\" content=\"Somnis de l&#039;Empord\u00e0\" \/>\n<meta property=\"article:publisher\" content=\"https:\/\/www.facebook.com\/people\/Somnis-de-l-Empord\/100063805333548\/\" \/>\n<meta property=\"article:modified_time\" content=\"2024-06-18T09:08:37+00:00\" \/>\n<meta property=\"og:image\" content=\"https:\/\/somnisdelemporda.com\/wp-content\/uploads\/2023\/03\/B2A3097-scaled.jpg\" \/>\n<meta name=\"twitter:card\" content=\"summary_large_image\" \/>\n<script type=\"application\/ld+json\" class=\"yoast-schema-graph\">{\"@context\":\"https:\\\/\\\/schema.org\",\"@graph\":[{\"@type\":\"WebPage\",\"@id\":\"https:\\\/\\\/somnisdelemporda.com\\\/ca\\\/ubicacio\\\/\",\"url\":\"https:\\\/\\\/somnisdelemporda.com\\\/ca\\\/ubicacio\\\/\",\"name\":\"Ubicaci\u00f3 - Somnis de l&#039;Empord\u00e0\",\"isPartOf\":{\"@id\":\"https:\\\/\\\/somnisdelemporda.com\\\/ca\\\/#website\"},\"primaryImageOfPage\":{\"@id\":\"https:\\\/\\\/somnisdelemporda.com\\\/ca\\\/ubicacio\\\/#primaryimage\"},\"image\":{\"@id\":\"https:\\\/\\\/somnisdelemporda.com\\\/ca\\\/ubicacio\\\/#primaryimage\"},\"thumbnailUrl\":\"https:\\\/\\\/somnisdelemporda.com\\\/wp-content\\\/uploads\\\/2023\\\/03\\\/B2A3097-scaled.jpg\",\"datePublished\":\"2023-03-15T16:35:48+00:00\",\"dateModified\":\"2024-06-18T09:08:37+00:00\",\"breadcrumb\":{\"@id\":\"https:\\\/\\\/somnisdelemporda.com\\\/ca\\\/ubicacio\\\/#breadcrumb\"},\"inLanguage\":\"ca\",\"potentialAction\":[{\"@type\":\"ReadAction\",\"target\":[\"https:\\\/\\\/somnisdelemporda.com\\\/ca\\\/ubicacio\\\/\"]}]},{\"@type\":\"ImageObject\",\"inLanguage\":\"ca\",\"@id\":\"https:\\\/\\\/somnisdelemporda.com\\\/ca\\\/ubicacio\\\/#primaryimage\",\"url\":\"https:\\\/\\\/somnisdelemporda.com\\\/wp-content\\\/uploads\\\/2023\\\/03\\\/B2A3097-scaled.jpg\",\"contentUrl\":\"https:\\\/\\\/somnisdelemporda.com\\\/wp-content\\\/uploads\\\/2023\\\/03\\\/B2A3097-scaled.jpg\"},{\"@type\":\"BreadcrumbList\",\"@id\":\"https:\\\/\\\/somnisdelemporda.com\\\/ca\\\/ubicacio\\\/#breadcrumb\",\"itemListElement\":[{\"@type\":\"ListItem\",\"position\":1,\"name\":\"Portada\",\"item\":\"https:\\\/\\\/somnisdelemporda.com\\\/ca\\\/\"},{\"@type\":\"ListItem\",\"position\":2,\"name\":\"Ubicaci\u00f3\"}]},{\"@type\":\"WebSite\",\"@id\":\"https:\\\/\\\/somnisdelemporda.com\\\/ca\\\/#website\",\"url\":\"https:\\\/\\\/somnisdelemporda.com\\\/ca\\\/\",\"name\":\"Somnis de l'Empord\u00e0\",\"description\":\"Mas\u00eda rural en el coraz\u00f3n de l&#039;Empord\u00e0\",\"publisher\":{\"@id\":\"https:\\\/\\\/somnisdelemporda.com\\\/ca\\\/#organization\"},\"potentialAction\":[{\"@type\":\"SearchAction\",\"target\":{\"@type\":\"EntryPoint\",\"urlTemplate\":\"https:\\\/\\\/somnisdelemporda.com\\\/ca\\\/?s={search_term_string}\"},\"query-input\":{\"@type\":\"PropertyValueSpecification\",\"valueRequired\":true,\"valueName\":\"search_term_string\"}}],\"inLanguage\":\"ca\"},{\"@type\":\"Organization\",\"@id\":\"https:\\\/\\\/somnisdelemporda.com\\\/ca\\\/#organization\",\"name\":\"Somnis de l'Empord\u00e0\",\"url\":\"https:\\\/\\\/somnisdelemporda.com\\\/ca\\\/\",\"logo\":{\"@type\":\"ImageObject\",\"inLanguage\":\"ca\",\"@id\":\"https:\\\/\\\/somnisdelemporda.com\\\/ca\\\/#\\\/schema\\\/logo\\\/image\\\/\",\"url\":\"https:\\\/\\\/somnisdelemporda.com\\\/wp-content\\\/uploads\\\/2023\\\/03\\\/logo-somnis-de-lemporda_Logo-sans-serif.svg\",\"contentUrl\":\"https:\\\/\\\/somnisdelemporda.com\\\/wp-content\\\/uploads\\\/2023\\\/03\\\/logo-somnis-de-lemporda_Logo-sans-serif.svg\",\"caption\":\"Somnis de l'Empord\u00e0\"},\"image\":{\"@id\":\"https:\\\/\\\/somnisdelemporda.com\\\/ca\\\/#\\\/schema\\\/logo\\\/image\\\/\"},\"sameAs\":[\"https:\\\/\\\/www.facebook.com\\\/people\\\/Somnis-de-l-Empord\\\/100063805333548\\\/\"]}]}<\/script>\n<!-- \/ Yoast SEO plugin. -->","yoast_head_json":{"title":"Ubicaci\u00f3 - Somnis de l&#039;Empord\u00e0","robots":{"index":"index","follow":"follow","max-snippet":"max-snippet:-1","max-image-preview":"max-image-preview:large","max-video-preview":"max-video-preview:-1"},"canonical":"https:\/\/somnisdelemporda.com\/ca\/ubicacio\/","og_locale":"ca_ES","og_type":"article","og_title":"Ubicaci\u00f3 - Somnis de l&#039;Empord\u00e0","og_description":"{post_title} Somnis de l&#8217;Empord\u00e0 Tel\u00e8fon i WhatsApp 680829724Carretere C31A, 17474 Torroella de Fluvi\u00e0 (Vilacolum)","og_url":"https:\/\/somnisdelemporda.com\/ca\/ubicacio\/","og_site_name":"Somnis de l&#039;Empord\u00e0","article_publisher":"https:\/\/www.facebook.com\/people\/Somnis-de-l-Empord\/100063805333548\/","article_modified_time":"2024-06-18T09:08:37+00:00","og_image":[{"url":"https:\/\/somnisdelemporda.com\/wp-content\/uploads\/2023\/03\/B2A3097-scaled.jpg","type":"","width":"","height":""}],"twitter_card":"summary_large_image","schema":{"@context":"https:\/\/schema.org","@graph":[{"@type":"WebPage","@id":"https:\/\/somnisdelemporda.com\/ca\/ubicacio\/","url":"https:\/\/somnisdelemporda.com\/ca\/ubicacio\/","name":"Ubicaci\u00f3 - Somnis de l&#039;Empord\u00e0","isPartOf":{"@id":"https:\/\/somnisdelemporda.com\/ca\/#website"},"primaryImageOfPage":{"@id":"https:\/\/somnisdelemporda.com\/ca\/ubicacio\/#primaryimage"},"image":{"@id":"https:\/\/somnisdelemporda.com\/ca\/ubicacio\/#primaryimage"},"thumbnailUrl":"https:\/\/somnisdelemporda.com\/wp-content\/uploads\/2023\/03\/B2A3097-scaled.jpg","datePublished":"2023-03-15T16:35:48+00:00","dateModified":"2024-06-18T09:08:37+00:00","breadcrumb":{"@id":"https:\/\/somnisdelemporda.com\/ca\/ubicacio\/#breadcrumb"},"inLanguage":"ca","potentialAction":[{"@type":"ReadAction","target":["https:\/\/somnisdelemporda.com\/ca\/ubicacio\/"]}]},{"@type":"ImageObject","inLanguage":"ca","@id":"https:\/\/somnisdelemporda.com\/ca\/ubicacio\/#primaryimage","url":"https:\/\/somnisdelemporda.com\/wp-content\/uploads\/2023\/03\/B2A3097-scaled.jpg","contentUrl":"https:\/\/somnisdelemporda.com\/wp-content\/uploads\/2023\/03\/B2A3097-scaled.jpg"},{"@type":"BreadcrumbList","@id":"https:\/\/somnisdelemporda.com\/ca\/ubicacio\/#breadcrumb","itemListElement":[{"@type":"ListItem","position":1,"name":"Portada","item":"https:\/\/somnisdelemporda.com\/ca\/"},{"@type":"ListItem","position":2,"name":"Ubicaci\u00f3"}]},{"@type":"WebSite","@id":"https:\/\/somnisdelemporda.com\/ca\/#website","url":"https:\/\/somnisdelemporda.com\/ca\/","name":"Somnis de l'Empord\u00e0","description":"Mas\u00eda rural en el coraz\u00f3n de l&#039;Empord\u00e0","publisher":{"@id":"https:\/\/somnisdelemporda.com\/ca\/#organization"},"potentialAction":[{"@type":"SearchAction","target":{"@type":"EntryPoint","urlTemplate":"https:\/\/somnisdelemporda.com\/ca\/?s={search_term_string}"},"query-input":{"@type":"PropertyValueSpecification","valueRequired":true,"valueName":"search_term_string"}}],"inLanguage":"ca"},{"@type":"Organization","@id":"https:\/\/somnisdelemporda.com\/ca\/#organization","name":"Somnis de l'Empord\u00e0","url":"https:\/\/somnisdelemporda.com\/ca\/","logo":{"@type":"ImageObject","inLanguage":"ca","@id":"https:\/\/somnisdelemporda.com\/ca\/#\/schema\/logo\/image\/","url":"https:\/\/somnisdelemporda.com\/wp-content\/uploads\/2023\/03\/logo-somnis-de-lemporda_Logo-sans-serif.svg","contentUrl":"https:\/\/somnisdelemporda.com\/wp-content\/uploads\/2023\/03\/logo-somnis-de-lemporda_Logo-sans-serif.svg","caption":"Somnis de l'Empord\u00e0"},"image":{"@id":"https:\/\/somnisdelemporda.com\/ca\/#\/schema\/logo\/image\/"},"sameAs":["https:\/\/www.facebook.com\/people\/Somnis-de-l-Empord\/100063805333548\/"]}]}},"_links":{"self":[{"href":"https:\/\/somnisdelemporda.com\/ca\/wp-json\/wp\/v2\/pages\/1641","targetHints":{"allow":["GET"]}}],"collection":[{"href":"https:\/\/somnisdelemporda.com\/ca\/wp-json\/wp\/v2\/pages"}],"about":[{"href":"https:\/\/somnisdelemporda.com\/ca\/wp-json\/wp\/v2\/types\/page"}],"author":[{"embeddable":true,"href":"https:\/\/somnisdelemporda.com\/ca\/wp-json\/wp\/v2\/users\/1"}],"replies":[{"embeddable":true,"href":"https:\/\/somnisdelemporda.com\/ca\/wp-json\/wp\/v2\/comments?post=1641"}],"version-history":[{"count":2,"href":"https:\/\/somnisdelemporda.com\/ca\/wp-json\/wp\/v2\/pages\/1641\/revisions"}],"predecessor-version":[{"id":1643,"href":"https:\/\/somnisdelemporda.com\/ca\/wp-json\/wp\/v2\/pages\/1641\/revisions\/1643"}],"wp:attachment":[{"href":"https:\/\/somnisdelemporda.com\/ca\/wp-json\/wp\/v2\/media?parent=1641"}],"curies":[{"name":"wp","href":"https:\/\/api.w.org\/{rel}","templated":true}]}}