{"id":1615,"date":"2023-03-15T12:03:25","date_gmt":"2023-03-15T12:03:25","guid":{"rendered":"https:\/\/somnisdelemporda.com\/environment\/"},"modified":"2024-06-18T09:08:35","modified_gmt":"2024-06-18T09:08:35","slug":"environment","status":"publish","type":"page","link":"https:\/\/somnisdelemporda.com\/en\/environment\/","title":{"rendered":"Environment"},"content":{"rendered":"\n<h1 class=\"wp-block-heading\">{post_title}<\/h1>\n<p><!-- wp:Array \/--><\/p>\n<p><!-- wp:Array \/--><\/p>\n\n<h2 class=\"wp-block-heading\">Aiguamolls of l&#8217;Empord\u00e0<\/h2>\n\n<figure class=\"wp-block-image size-full\"><img decoding=\"async\" width=\"1181\" height=\"787\" src=\"https:\/\/somnisdelemporda.com\/wp-content\/uploads\/2023\/03\/aiguamolls.jpg\" alt=\"\" class=\"wp-image-472\" srcset=\"https:\/\/somnisdelemporda.com\/wp-content\/uploads\/2023\/03\/aiguamolls.jpg 1181w, https:\/\/somnisdelemporda.com\/wp-content\/uploads\/2023\/03\/aiguamolls-300x200.jpg 300w, https:\/\/somnisdelemporda.com\/wp-content\/uploads\/2023\/03\/aiguamolls-1024x682.jpg 1024w, https:\/\/somnisdelemporda.com\/wp-content\/uploads\/2023\/03\/aiguamolls-768x512.jpg 768w\" sizes=\"(max-width: 1181px) 100vw, 1181px\" \/><\/figure>\n\n<figure class=\"wp-block-image size-full\"><img decoding=\"async\" width=\"300\" height=\"300\" src=\"https:\/\/somnisdelemporda.com\/wp-content\/uploads\/2023\/03\/museo-Dali.jpg\" alt=\"\" class=\"wp-image-493\" srcset=\"https:\/\/somnisdelemporda.com\/wp-content\/uploads\/2023\/03\/museo-Dali.jpg 300w, https:\/\/somnisdelemporda.com\/wp-content\/uploads\/2023\/03\/museo-Dali-150x150.jpg 150w\" sizes=\"(max-width: 300px) 100vw, 300px\" \/><\/figure>\n\n<h2 class=\"wp-block-heading\">Dal\u00ed Museum<\/h2>\n\n<p><\/p><p>Enter the surrealist world of Salvador Dal\u00ed by following his steps through the <strong>Dalinian Triangle<\/strong>. Surround yourself with art, genius and eccentricity.<\/p>\n<p>The Dalinian triangle is formed by the municipalities of Figueres, P\u00fabol and Portlligat, located 10km, 27km and 36km respectively from Somnis de l&#8217; Empord\u00e0.<\/p>\n<p>Salvador Dal\u00ed is considered by many a genius, by others a madman or an eccentric&#8230; but what is undisputed is that he was one of the greatest exponents of surrealist art worldwide. His creative activity, apart from painting, was also evident in film, design and writing, merging the character, the work and turning him into a provocateur. We propose you to follow Salvador Dal\u00ed&#8217;s footsteps.<\/p>\n<p>The Dal\u00ed Museum Theater was designed by Dal\u00ed himself and offers visitors a unique and captivating experience into the surrealist world of the painter. The tour through the rooms allows us to observe his early artistic experiences, surrealism, nuclear mysticism and passion for science until we reach the works of the last years. (If you visit the Dal\u00ed museum in August, it is open at night and with a guide. It is an experience not to be missed.<\/p>\n<ul>\n<li>La <strong>Casa Museo Dal\u00ed<\/strong> fue construida sobre unas antiguas barracas de pescadores en Portlligat (Cadaques) Por dentro, tiene una estructura laber\u00edntica donde es f\u00e1cil perderse y est\u00e0 decorada con una colecci\u00f3n de objetos que fue coleccionando a lo largo de su vida. Entre sus aposentos, se pueden contemplar su taller, la biblioteca, las habitaciones donde transcurr\u00eda su vida diaria, jard\u00edn y la piscina.<\/li>\n<li>P\u00fabol es el pueblo donde Dal\u00ed compr\u00f3 el <strong>castillo medieval del s.XIV como regalo a su mujer y musa Gala.<\/strong> Fue el propio Dal\u00ed quien se encarg\u00f3 de la decoraci\u00f3n de su interior con antig\u00fcedades, simbolog\u00eda rom\u00e1ntica y barroca. Como curiosidad cabe destacar, que s\u00f3lo pod\u00eda visitarla quien tuviera una invitaci\u00f3n escrita por ella, incluso el propio Dal\u00ed la necesitaba. A partir del a\u00f1o 1982, Dal\u00ed se retir\u00f3 de la vida p\u00fablica debido a la muerte de su musa Gala y el <strong>Castillo Gala-Dal\u00ed<\/strong> se convirti\u00f3 en su \u00faltimo taller y en el mausoleo de su amada.<\/li>\n<\/ul>\n\n<figure class=\"wp-block-image size-full\"><img decoding=\"async\" width=\"900\" height=\"500\" src=\"https:\/\/somnisdelemporda.com\/wp-content\/uploads\/2023\/03\/castillo-de-peralada.jpg\" alt=\"\" class=\"wp-image-508\" srcset=\"https:\/\/somnisdelemporda.com\/wp-content\/uploads\/2023\/03\/castillo-de-peralada.jpg 900w, https:\/\/somnisdelemporda.com\/wp-content\/uploads\/2023\/03\/castillo-de-peralada-300x167.jpg 300w, https:\/\/somnisdelemporda.com\/wp-content\/uploads\/2023\/03\/castillo-de-peralada-768x427.jpg 768w\" sizes=\"(max-width: 900px) 100vw, 900px\" \/><\/figure>\n\n<h2 class=\"wp-block-heading\">Perelada Castle<\/h2>\n\n<p>The castle of Perelada is located 19 km from Somnis de l&#8217; Empord\u00e0, is a medieval fortress of the fourteenth century flanked by two imposing towers and surrounded by a lake, with 8 hectares of magical gardens. During the summer months, the castle becomes the perfect setting for the celebration of the  <strong>Perelada Festival. The castle houses a casino, a restaurant with  <\/strong>Michelin star, one of the largest private libraries in Catalonia and a museum.<\/p>\n\n<figure class=\"wp-block-image size-full\"><img decoding=\"async\" width=\"1301\" height=\"976\" src=\"https:\/\/somnisdelemporda.com\/wp-content\/uploads\/2023\/03\/cap-de-creus.jpg\" alt=\"\" class=\"wp-image-504\" srcset=\"https:\/\/somnisdelemporda.com\/wp-content\/uploads\/2023\/03\/cap-de-creus.jpg 1301w, https:\/\/somnisdelemporda.com\/wp-content\/uploads\/2023\/03\/cap-de-creus-300x225.jpg 300w, https:\/\/somnisdelemporda.com\/wp-content\/uploads\/2023\/03\/cap-de-creus-1024x768.jpg 1024w, https:\/\/somnisdelemporda.com\/wp-content\/uploads\/2023\/03\/cap-de-creus-768x576.jpg 768w\" sizes=\"(max-width: 1301px) 100vw, 1301px\" \/><\/figure>\n\n<h2 class=\"wp-block-heading\">Cap de Creus<\/h2>\n\n<p><\/p><p>  Cap de Creus is located 45 km from Somnis de l&#8217; Empord\u00e0. It is formed by cliffs and rocks that contrast with the beautiful hidden coves, <strong>Cala Fredosa<\/strong> and <strong>Cala Tavallera <\/strong>are some of the most spectacular. This area stands out for its scenic beauty, great biological and ecological diversity. From the <strong>\n  <u>\n    <a href=\"https:\/\/catalunyaturisme.cat\/far-del-cap-de-creus\/\">Far del Cap de Creus<\/a>\n  <\/u>\n<\/strong>. you will be able to contemplate a part of the great extension of the park.<\/p>\n<p>One of the most important monuments of Cap de Creus is the monastery of Sant Pere de Rodes, dating from the tenth century and surprising for the beauty of the place where it is located.<\/p>\n\n<figure class=\"wp-block-image size-full\"><img decoding=\"async\" width=\"1061\" height=\"630\" src=\"https:\/\/somnisdelemporda.com\/wp-content\/uploads\/2023\/03\/empuries-ruinas.jpg\" alt=\"\" class=\"wp-image-500\" srcset=\"https:\/\/somnisdelemporda.com\/wp-content\/uploads\/2023\/03\/empuries-ruinas.jpg 1061w, https:\/\/somnisdelemporda.com\/wp-content\/uploads\/2023\/03\/empuries-ruinas-300x178.jpg 300w, https:\/\/somnisdelemporda.com\/wp-content\/uploads\/2023\/03\/empuries-ruinas-1024x608.jpg 1024w, https:\/\/somnisdelemporda.com\/wp-content\/uploads\/2023\/03\/empuries-ruinas-768x456.jpg 768w\" sizes=\"(max-width: 1061px) 100vw, 1061px\" \/><\/figure>\n\n<h2 class=\"wp-block-heading\">Ruins of Empuries<\/h2>\n\n<p>Sant Mart\u00ed d&#8217;Empuries is a beautiful medieval walled village located 13 km from Somnis de l&#8217;Empord\u00e0, a jewel where there are no more than 40 inhabitants, has a beautiful beach with the remains of the Greek dock where you can contemplate magical sunsets, there is a coastal path that goes from St. Mart\u00ed to l&#8217;Escala and the ruins of the Greco-Roman city of Empuries which is one of the most visited sites in Catalonia and the most important in Spain, is rated by UNESCO as one of the most important sites in Spain. The ruins of the Greco-Roman city of Empuries are the most visited archaeological site in Catalonia and one of the most important in Spain, it is classified by UNESCO as one of the most beautiful in the world.  <\/p>\n","protected":false},"excerpt":{"rendered":"<p>{post_title} Aiguamolls of l&#8217;Empord\u00e0 Dal\u00ed Museum Enter the surrealist world of Salvador Dal\u00ed by following his steps through the Dalinian Triangle. Surround yourself with art, genius and eccentricity. The Dalinian triangle is formed by the municipalities of Figueres, P\u00fabol and Portlligat, located 10km, 27km and 36km respectively from Somnis de l&#8217; Empord\u00e0. Salvador Dal\u00ed is [&hellip;]<\/p>\n","protected":false},"author":1,"featured_media":0,"parent":0,"menu_order":0,"comment_status":"closed","ping_status":"closed","template":"","meta":{"_joinchat":[],"footnotes":""},"class_list":["post-1615","page","type-page","status-publish","hentry"],"yoast_head":"<!-- This site is optimized with the Yoast SEO plugin v27.4 - https:\/\/yoast.com\/product\/yoast-seo-wordpress\/ -->\n<title>Environment - Somnis de l&#039;Empord\u00e0<\/title>\n<meta name=\"robots\" content=\"index, follow, max-snippet:-1, max-image-preview:large, max-video-preview:-1\" \/>\n<link rel=\"canonical\" href=\"https:\/\/somnisdelemporda.com\/en\/environment\/\" \/>\n<meta property=\"og:locale\" content=\"en_US\" \/>\n<meta property=\"og:type\" content=\"article\" \/>\n<meta property=\"og:title\" content=\"Environment - Somnis de l&#039;Empord\u00e0\" \/>\n<meta property=\"og:description\" content=\"{post_title} Aiguamolls of l&#8217;Empord\u00e0 Dal\u00ed Museum Enter the surrealist world of Salvador Dal\u00ed by following his steps through the Dalinian Triangle. Surround yourself with art, genius and eccentricity. The Dalinian triangle is formed by the municipalities of Figueres, P\u00fabol and Portlligat, located 10km, 27km and 36km respectively from Somnis de l&#8217; Empord\u00e0. Salvador Dal\u00ed is [&hellip;]\" \/>\n<meta property=\"og:url\" content=\"https:\/\/somnisdelemporda.com\/en\/environment\/\" \/>\n<meta property=\"og:site_name\" content=\"Somnis de l&#039;Empord\u00e0\" \/>\n<meta property=\"article:publisher\" content=\"https:\/\/www.facebook.com\/people\/Somnis-de-l-Empord\/100063805333548\/\" \/>\n<meta property=\"article:modified_time\" content=\"2024-06-18T09:08:35+00:00\" \/>\n<meta property=\"og:image\" content=\"https:\/\/somnisdelemporda.com\/wp-content\/uploads\/2023\/03\/aiguamolls.jpg\" \/>\n<meta name=\"twitter:card\" content=\"summary_large_image\" \/>\n<meta name=\"twitter:label1\" content=\"Est. reading time\" \/>\n\t<meta name=\"twitter:data1\" content=\"3 minutes\" \/>\n<script type=\"application\/ld+json\" class=\"yoast-schema-graph\">{\"@context\":\"https:\\\/\\\/schema.org\",\"@graph\":[{\"@type\":\"WebPage\",\"@id\":\"https:\\\/\\\/somnisdelemporda.com\\\/en\\\/environment\\\/\",\"url\":\"https:\\\/\\\/somnisdelemporda.com\\\/en\\\/environment\\\/\",\"name\":\"Environment - Somnis de l&#039;Empord\u00e0\",\"isPartOf\":{\"@id\":\"https:\\\/\\\/somnisdelemporda.com\\\/en\\\/#website\"},\"primaryImageOfPage\":{\"@id\":\"https:\\\/\\\/somnisdelemporda.com\\\/en\\\/environment\\\/#primaryimage\"},\"image\":{\"@id\":\"https:\\\/\\\/somnisdelemporda.com\\\/en\\\/environment\\\/#primaryimage\"},\"thumbnailUrl\":\"https:\\\/\\\/somnisdelemporda.com\\\/wp-content\\\/uploads\\\/2023\\\/03\\\/aiguamolls.jpg\",\"datePublished\":\"2023-03-15T12:03:25+00:00\",\"dateModified\":\"2024-06-18T09:08:35+00:00\",\"breadcrumb\":{\"@id\":\"https:\\\/\\\/somnisdelemporda.com\\\/en\\\/environment\\\/#breadcrumb\"},\"inLanguage\":\"en-US\",\"potentialAction\":[{\"@type\":\"ReadAction\",\"target\":[\"https:\\\/\\\/somnisdelemporda.com\\\/en\\\/environment\\\/\"]}]},{\"@type\":\"ImageObject\",\"inLanguage\":\"en-US\",\"@id\":\"https:\\\/\\\/somnisdelemporda.com\\\/en\\\/environment\\\/#primaryimage\",\"url\":\"https:\\\/\\\/somnisdelemporda.com\\\/wp-content\\\/uploads\\\/2023\\\/03\\\/aiguamolls.jpg\",\"contentUrl\":\"https:\\\/\\\/somnisdelemporda.com\\\/wp-content\\\/uploads\\\/2023\\\/03\\\/aiguamolls.jpg\"},{\"@type\":\"BreadcrumbList\",\"@id\":\"https:\\\/\\\/somnisdelemporda.com\\\/en\\\/environment\\\/#breadcrumb\",\"itemListElement\":[{\"@type\":\"ListItem\",\"position\":1,\"name\":\"Portada\",\"item\":\"https:\\\/\\\/somnisdelemporda.com\\\/en\\\/\"},{\"@type\":\"ListItem\",\"position\":2,\"name\":\"Environment\"}]},{\"@type\":\"WebSite\",\"@id\":\"https:\\\/\\\/somnisdelemporda.com\\\/en\\\/#website\",\"url\":\"https:\\\/\\\/somnisdelemporda.com\\\/en\\\/\",\"name\":\"Somnis de l'Empord\u00e0\",\"description\":\"Mas\u00eda rural en el coraz\u00f3n de l&#039;Empord\u00e0\",\"publisher\":{\"@id\":\"https:\\\/\\\/somnisdelemporda.com\\\/en\\\/#organization\"},\"potentialAction\":[{\"@type\":\"SearchAction\",\"target\":{\"@type\":\"EntryPoint\",\"urlTemplate\":\"https:\\\/\\\/somnisdelemporda.com\\\/en\\\/?s={search_term_string}\"},\"query-input\":{\"@type\":\"PropertyValueSpecification\",\"valueRequired\":true,\"valueName\":\"search_term_string\"}}],\"inLanguage\":\"en-US\"},{\"@type\":\"Organization\",\"@id\":\"https:\\\/\\\/somnisdelemporda.com\\\/en\\\/#organization\",\"name\":\"Somnis de l'Empord\u00e0\",\"url\":\"https:\\\/\\\/somnisdelemporda.com\\\/en\\\/\",\"logo\":{\"@type\":\"ImageObject\",\"inLanguage\":\"en-US\",\"@id\":\"https:\\\/\\\/somnisdelemporda.com\\\/en\\\/#\\\/schema\\\/logo\\\/image\\\/\",\"url\":\"https:\\\/\\\/somnisdelemporda.com\\\/wp-content\\\/uploads\\\/2023\\\/03\\\/logo-somnis-de-lemporda_Logo-sans-serif.svg\",\"contentUrl\":\"https:\\\/\\\/somnisdelemporda.com\\\/wp-content\\\/uploads\\\/2023\\\/03\\\/logo-somnis-de-lemporda_Logo-sans-serif.svg\",\"caption\":\"Somnis de l'Empord\u00e0\"},\"image\":{\"@id\":\"https:\\\/\\\/somnisdelemporda.com\\\/en\\\/#\\\/schema\\\/logo\\\/image\\\/\"},\"sameAs\":[\"https:\\\/\\\/www.facebook.com\\\/people\\\/Somnis-de-l-Empord\\\/100063805333548\\\/\"]}]}<\/script>\n<!-- \/ Yoast SEO plugin. -->","yoast_head_json":{"title":"Environment - Somnis de l&#039;Empord\u00e0","robots":{"index":"index","follow":"follow","max-snippet":"max-snippet:-1","max-image-preview":"max-image-preview:large","max-video-preview":"max-video-preview:-1"},"canonical":"https:\/\/somnisdelemporda.com\/en\/environment\/","og_locale":"en_US","og_type":"article","og_title":"Environment - Somnis de l&#039;Empord\u00e0","og_description":"{post_title} Aiguamolls of l&#8217;Empord\u00e0 Dal\u00ed Museum Enter the surrealist world of Salvador Dal\u00ed by following his steps through the Dalinian Triangle. Surround yourself with art, genius and eccentricity. The Dalinian triangle is formed by the municipalities of Figueres, P\u00fabol and Portlligat, located 10km, 27km and 36km respectively from Somnis de l&#8217; Empord\u00e0. Salvador Dal\u00ed is [&hellip;]","og_url":"https:\/\/somnisdelemporda.com\/en\/environment\/","og_site_name":"Somnis de l&#039;Empord\u00e0","article_publisher":"https:\/\/www.facebook.com\/people\/Somnis-de-l-Empord\/100063805333548\/","article_modified_time":"2024-06-18T09:08:35+00:00","og_image":[{"url":"https:\/\/somnisdelemporda.com\/wp-content\/uploads\/2023\/03\/aiguamolls.jpg","type":"","width":"","height":""}],"twitter_card":"summary_large_image","twitter_misc":{"Est. reading time":"3 minutes"},"schema":{"@context":"https:\/\/schema.org","@graph":[{"@type":"WebPage","@id":"https:\/\/somnisdelemporda.com\/en\/environment\/","url":"https:\/\/somnisdelemporda.com\/en\/environment\/","name":"Environment - Somnis de l&#039;Empord\u00e0","isPartOf":{"@id":"https:\/\/somnisdelemporda.com\/en\/#website"},"primaryImageOfPage":{"@id":"https:\/\/somnisdelemporda.com\/en\/environment\/#primaryimage"},"image":{"@id":"https:\/\/somnisdelemporda.com\/en\/environment\/#primaryimage"},"thumbnailUrl":"https:\/\/somnisdelemporda.com\/wp-content\/uploads\/2023\/03\/aiguamolls.jpg","datePublished":"2023-03-15T12:03:25+00:00","dateModified":"2024-06-18T09:08:35+00:00","breadcrumb":{"@id":"https:\/\/somnisdelemporda.com\/en\/environment\/#breadcrumb"},"inLanguage":"en-US","potentialAction":[{"@type":"ReadAction","target":["https:\/\/somnisdelemporda.com\/en\/environment\/"]}]},{"@type":"ImageObject","inLanguage":"en-US","@id":"https:\/\/somnisdelemporda.com\/en\/environment\/#primaryimage","url":"https:\/\/somnisdelemporda.com\/wp-content\/uploads\/2023\/03\/aiguamolls.jpg","contentUrl":"https:\/\/somnisdelemporda.com\/wp-content\/uploads\/2023\/03\/aiguamolls.jpg"},{"@type":"BreadcrumbList","@id":"https:\/\/somnisdelemporda.com\/en\/environment\/#breadcrumb","itemListElement":[{"@type":"ListItem","position":1,"name":"Portada","item":"https:\/\/somnisdelemporda.com\/en\/"},{"@type":"ListItem","position":2,"name":"Environment"}]},{"@type":"WebSite","@id":"https:\/\/somnisdelemporda.com\/en\/#website","url":"https:\/\/somnisdelemporda.com\/en\/","name":"Somnis de l'Empord\u00e0","description":"Mas\u00eda rural en el coraz\u00f3n de l&#039;Empord\u00e0","publisher":{"@id":"https:\/\/somnisdelemporda.com\/en\/#organization"},"potentialAction":[{"@type":"SearchAction","target":{"@type":"EntryPoint","urlTemplate":"https:\/\/somnisdelemporda.com\/en\/?s={search_term_string}"},"query-input":{"@type":"PropertyValueSpecification","valueRequired":true,"valueName":"search_term_string"}}],"inLanguage":"en-US"},{"@type":"Organization","@id":"https:\/\/somnisdelemporda.com\/en\/#organization","name":"Somnis de l'Empord\u00e0","url":"https:\/\/somnisdelemporda.com\/en\/","logo":{"@type":"ImageObject","inLanguage":"en-US","@id":"https:\/\/somnisdelemporda.com\/en\/#\/schema\/logo\/image\/","url":"https:\/\/somnisdelemporda.com\/wp-content\/uploads\/2023\/03\/logo-somnis-de-lemporda_Logo-sans-serif.svg","contentUrl":"https:\/\/somnisdelemporda.com\/wp-content\/uploads\/2023\/03\/logo-somnis-de-lemporda_Logo-sans-serif.svg","caption":"Somnis de l'Empord\u00e0"},"image":{"@id":"https:\/\/somnisdelemporda.com\/en\/#\/schema\/logo\/image\/"},"sameAs":["https:\/\/www.facebook.com\/people\/Somnis-de-l-Empord\/100063805333548\/"]}]}},"_links":{"self":[{"href":"https:\/\/somnisdelemporda.com\/en\/wp-json\/wp\/v2\/pages\/1615","targetHints":{"allow":["GET"]}}],"collection":[{"href":"https:\/\/somnisdelemporda.com\/en\/wp-json\/wp\/v2\/pages"}],"about":[{"href":"https:\/\/somnisdelemporda.com\/en\/wp-json\/wp\/v2\/types\/page"}],"author":[{"embeddable":true,"href":"https:\/\/somnisdelemporda.com\/en\/wp-json\/wp\/v2\/users\/1"}],"replies":[{"embeddable":true,"href":"https:\/\/somnisdelemporda.com\/en\/wp-json\/wp\/v2\/comments?post=1615"}],"version-history":[{"count":1,"href":"https:\/\/somnisdelemporda.com\/en\/wp-json\/wp\/v2\/pages\/1615\/revisions"}],"predecessor-version":[{"id":1617,"href":"https:\/\/somnisdelemporda.com\/en\/wp-json\/wp\/v2\/pages\/1615\/revisions\/1617"}],"wp:attachment":[{"href":"https:\/\/somnisdelemporda.com\/en\/wp-json\/wp\/v2\/media?parent=1615"}],"curies":[{"name":"wp","href":"https:\/\/api.w.org\/{rel}","templated":true}]}}