{"id":1632,"date":"2023-03-15T16:22:44","date_gmt":"2023-03-15T16:22:44","guid":{"rendered":"https:\/\/somnisdelemporda.com\/give-the-gift-of-experiences\/"},"modified":"2025-06-18T08:58:54","modified_gmt":"2025-06-18T08:58:54","slug":"give-the-gift-of-experiences","status":"publish","type":"page","link":"https:\/\/somnisdelemporda.com\/en\/give-the-gift-of-experiences\/","title":{"rendered":"Give the gift of experiences"},"content":{"rendered":"&#13;\n<p class=\"has-text-align-center\"><br\/>A touch of romance can bring magic into the relationship, and we like magic \ud83d\ude0a How about dinner in the garden, by candlelight while watching a spectacular sunset? Everyone likes to be made to feel special and we will help you create the perfect atmosphere to make your partner feel unique.<br\/>Choose your favorite corner and set the pace of the dinner. With the invaluable help of our chef who will be your faithful ally throughout the evening and will propose healthy and sustainable dishes with flavors of yesteryear, a journey back and forth to tradition.<\/p>&#13;\n","protected":false},"excerpt":{"rendered":"<p>&#13; A touch of romance can bring magic into the relationship, and we like magic \ud83d\ude0a How about dinner in the garden, by candlelight while watching a spectacular sunset? Everyone likes to be made to feel special and we will help you create the perfect atmosphere to make your partner feel unique.Choose your favorite corner [&hellip;]<\/p>\n","protected":false},"author":1,"featured_media":0,"parent":0,"menu_order":0,"comment_status":"closed","ping_status":"closed","template":"","meta":{"_joinchat":[],"footnotes":""},"class_list":["post-1632","page","type-page","status-publish","hentry"],"yoast_head":"<!-- This site is optimized with the Yoast SEO plugin v27.5 - https:\/\/yoast.com\/product\/yoast-seo-wordpress\/ -->\n<title>Give the gift of experiences - Somnis de l&#039;Empord\u00e0<\/title>\n<meta name=\"robots\" content=\"index, follow, max-snippet:-1, max-image-preview:large, max-video-preview:-1\" \/>\n<link rel=\"canonical\" href=\"https:\/\/somnisdelemporda.com\/en\/give-the-gift-of-experiences\/\" \/>\n<meta property=\"og:locale\" content=\"en_US\" \/>\n<meta property=\"og:type\" content=\"article\" \/>\n<meta property=\"og:title\" content=\"Give the gift of experiences - Somnis de l&#039;Empord\u00e0\" \/>\n<meta property=\"og:description\" content=\"&#013; A touch of romance can bring magic into the relationship, and we like magic \ud83d\ude0a How about dinner in the garden, by candlelight while watching a spectacular sunset? Everyone likes to be made to feel special and we will help you create the perfect atmosphere to make your partner feel unique.Choose your favorite corner [&hellip;]\" \/>\n<meta property=\"og:url\" content=\"https:\/\/somnisdelemporda.com\/en\/give-the-gift-of-experiences\/\" \/>\n<meta property=\"og:site_name\" content=\"Somnis de l&#039;Empord\u00e0\" \/>\n<meta property=\"article:publisher\" content=\"https:\/\/www.facebook.com\/people\/Somnis-de-l-Empord\/100063805333548\/\" \/>\n<meta property=\"article:modified_time\" content=\"2025-06-18T08:58:54+00:00\" \/>\n<meta name=\"twitter:card\" content=\"summary_large_image\" \/>\n<script type=\"application\/ld+json\" class=\"yoast-schema-graph\">{\"@context\":\"https:\\\/\\\/schema.org\",\"@graph\":[{\"@type\":\"WebPage\",\"@id\":\"https:\\\/\\\/somnisdelemporda.com\\\/en\\\/give-the-gift-of-experiences\\\/\",\"url\":\"https:\\\/\\\/somnisdelemporda.com\\\/en\\\/give-the-gift-of-experiences\\\/\",\"name\":\"Give the gift of experiences - Somnis de l&#039;Empord\u00e0\",\"isPartOf\":{\"@id\":\"https:\\\/\\\/somnisdelemporda.com\\\/en\\\/#website\"},\"datePublished\":\"2023-03-15T16:22:44+00:00\",\"dateModified\":\"2025-06-18T08:58:54+00:00\",\"breadcrumb\":{\"@id\":\"https:\\\/\\\/somnisdelemporda.com\\\/en\\\/give-the-gift-of-experiences\\\/#breadcrumb\"},\"inLanguage\":\"en-US\",\"potentialAction\":[{\"@type\":\"ReadAction\",\"target\":[\"https:\\\/\\\/somnisdelemporda.com\\\/en\\\/give-the-gift-of-experiences\\\/\"]}]},{\"@type\":\"BreadcrumbList\",\"@id\":\"https:\\\/\\\/somnisdelemporda.com\\\/en\\\/give-the-gift-of-experiences\\\/#breadcrumb\",\"itemListElement\":[{\"@type\":\"ListItem\",\"position\":1,\"name\":\"Portada\",\"item\":\"https:\\\/\\\/somnisdelemporda.com\\\/en\\\/\"},{\"@type\":\"ListItem\",\"position\":2,\"name\":\"Give the gift of experiences\"}]},{\"@type\":\"WebSite\",\"@id\":\"https:\\\/\\\/somnisdelemporda.com\\\/en\\\/#website\",\"url\":\"https:\\\/\\\/somnisdelemporda.com\\\/en\\\/\",\"name\":\"Somnis de l'Empord\u00e0\",\"description\":\"Mas\u00eda rural en el coraz\u00f3n de l&#039;Empord\u00e0\",\"publisher\":{\"@id\":\"https:\\\/\\\/somnisdelemporda.com\\\/en\\\/#organization\"},\"potentialAction\":[{\"@type\":\"SearchAction\",\"target\":{\"@type\":\"EntryPoint\",\"urlTemplate\":\"https:\\\/\\\/somnisdelemporda.com\\\/en\\\/?s={search_term_string}\"},\"query-input\":{\"@type\":\"PropertyValueSpecification\",\"valueRequired\":true,\"valueName\":\"search_term_string\"}}],\"inLanguage\":\"en-US\"},{\"@type\":\"Organization\",\"@id\":\"https:\\\/\\\/somnisdelemporda.com\\\/en\\\/#organization\",\"name\":\"Somnis de l'Empord\u00e0\",\"url\":\"https:\\\/\\\/somnisdelemporda.com\\\/en\\\/\",\"logo\":{\"@type\":\"ImageObject\",\"inLanguage\":\"en-US\",\"@id\":\"https:\\\/\\\/somnisdelemporda.com\\\/en\\\/#\\\/schema\\\/logo\\\/image\\\/\",\"url\":\"https:\\\/\\\/somnisdelemporda.com\\\/wp-content\\\/uploads\\\/2023\\\/03\\\/logo-somnis-de-lemporda_Logo-sans-serif.svg\",\"contentUrl\":\"https:\\\/\\\/somnisdelemporda.com\\\/wp-content\\\/uploads\\\/2023\\\/03\\\/logo-somnis-de-lemporda_Logo-sans-serif.svg\",\"caption\":\"Somnis de l'Empord\u00e0\"},\"image\":{\"@id\":\"https:\\\/\\\/somnisdelemporda.com\\\/en\\\/#\\\/schema\\\/logo\\\/image\\\/\"},\"sameAs\":[\"https:\\\/\\\/www.facebook.com\\\/people\\\/Somnis-de-l-Empord\\\/100063805333548\\\/\"]}]}<\/script>\n<!-- \/ Yoast SEO plugin. -->","yoast_head_json":{"title":"Give the gift of experiences - Somnis de l&#039;Empord\u00e0","robots":{"index":"index","follow":"follow","max-snippet":"max-snippet:-1","max-image-preview":"max-image-preview:large","max-video-preview":"max-video-preview:-1"},"canonical":"https:\/\/somnisdelemporda.com\/en\/give-the-gift-of-experiences\/","og_locale":"en_US","og_type":"article","og_title":"Give the gift of experiences - Somnis de l&#039;Empord\u00e0","og_description":"&#13; A touch of romance can bring magic into the relationship, and we like magic \ud83d\ude0a How about dinner in the garden, by candlelight while watching a spectacular sunset? Everyone likes to be made to feel special and we will help you create the perfect atmosphere to make your partner feel unique.Choose your favorite corner [&hellip;]","og_url":"https:\/\/somnisdelemporda.com\/en\/give-the-gift-of-experiences\/","og_site_name":"Somnis de l&#039;Empord\u00e0","article_publisher":"https:\/\/www.facebook.com\/people\/Somnis-de-l-Empord\/100063805333548\/","article_modified_time":"2025-06-18T08:58:54+00:00","twitter_card":"summary_large_image","schema":{"@context":"https:\/\/schema.org","@graph":[{"@type":"WebPage","@id":"https:\/\/somnisdelemporda.com\/en\/give-the-gift-of-experiences\/","url":"https:\/\/somnisdelemporda.com\/en\/give-the-gift-of-experiences\/","name":"Give the gift of experiences - Somnis de l&#039;Empord\u00e0","isPartOf":{"@id":"https:\/\/somnisdelemporda.com\/en\/#website"},"datePublished":"2023-03-15T16:22:44+00:00","dateModified":"2025-06-18T08:58:54+00:00","breadcrumb":{"@id":"https:\/\/somnisdelemporda.com\/en\/give-the-gift-of-experiences\/#breadcrumb"},"inLanguage":"en-US","potentialAction":[{"@type":"ReadAction","target":["https:\/\/somnisdelemporda.com\/en\/give-the-gift-of-experiences\/"]}]},{"@type":"BreadcrumbList","@id":"https:\/\/somnisdelemporda.com\/en\/give-the-gift-of-experiences\/#breadcrumb","itemListElement":[{"@type":"ListItem","position":1,"name":"Portada","item":"https:\/\/somnisdelemporda.com\/en\/"},{"@type":"ListItem","position":2,"name":"Give the gift of experiences"}]},{"@type":"WebSite","@id":"https:\/\/somnisdelemporda.com\/en\/#website","url":"https:\/\/somnisdelemporda.com\/en\/","name":"Somnis de l'Empord\u00e0","description":"Mas\u00eda rural en el coraz\u00f3n de l&#039;Empord\u00e0","publisher":{"@id":"https:\/\/somnisdelemporda.com\/en\/#organization"},"potentialAction":[{"@type":"SearchAction","target":{"@type":"EntryPoint","urlTemplate":"https:\/\/somnisdelemporda.com\/en\/?s={search_term_string}"},"query-input":{"@type":"PropertyValueSpecification","valueRequired":true,"valueName":"search_term_string"}}],"inLanguage":"en-US"},{"@type":"Organization","@id":"https:\/\/somnisdelemporda.com\/en\/#organization","name":"Somnis de l'Empord\u00e0","url":"https:\/\/somnisdelemporda.com\/en\/","logo":{"@type":"ImageObject","inLanguage":"en-US","@id":"https:\/\/somnisdelemporda.com\/en\/#\/schema\/logo\/image\/","url":"https:\/\/somnisdelemporda.com\/wp-content\/uploads\/2023\/03\/logo-somnis-de-lemporda_Logo-sans-serif.svg","contentUrl":"https:\/\/somnisdelemporda.com\/wp-content\/uploads\/2023\/03\/logo-somnis-de-lemporda_Logo-sans-serif.svg","caption":"Somnis de l'Empord\u00e0"},"image":{"@id":"https:\/\/somnisdelemporda.com\/en\/#\/schema\/logo\/image\/"},"sameAs":["https:\/\/www.facebook.com\/people\/Somnis-de-l-Empord\/100063805333548\/"]}]}},"_links":{"self":[{"href":"https:\/\/somnisdelemporda.com\/en\/wp-json\/wp\/v2\/pages\/1632","targetHints":{"allow":["GET"]}}],"collection":[{"href":"https:\/\/somnisdelemporda.com\/en\/wp-json\/wp\/v2\/pages"}],"about":[{"href":"https:\/\/somnisdelemporda.com\/en\/wp-json\/wp\/v2\/types\/page"}],"author":[{"embeddable":true,"href":"https:\/\/somnisdelemporda.com\/en\/wp-json\/wp\/v2\/users\/1"}],"replies":[{"embeddable":true,"href":"https:\/\/somnisdelemporda.com\/en\/wp-json\/wp\/v2\/comments?post=1632"}],"version-history":[{"count":3,"href":"https:\/\/somnisdelemporda.com\/en\/wp-json\/wp\/v2\/pages\/1632\/revisions"}],"predecessor-version":[{"id":1901,"href":"https:\/\/somnisdelemporda.com\/en\/wp-json\/wp\/v2\/pages\/1632\/revisions\/1901"}],"wp:attachment":[{"href":"https:\/\/somnisdelemporda.com\/en\/wp-json\/wp\/v2\/media?parent=1632"}],"curies":[{"name":"wp","href":"https:\/\/api.w.org\/{rel}","templated":true}]}}