{"id":1678,"date":"2024-06-18T13:29:09","date_gmt":"2024-06-18T13:29:09","guid":{"rendered":"https:\/\/somnisdelemporda.com\/complete-farmhouse\/"},"modified":"2024-06-18T13:33:28","modified_gmt":"2024-06-18T13:33:28","slug":"masia-completa","status":"publish","type":"page","link":"https:\/\/somnisdelemporda.com\/en\/masia-completa\/","title":{"rendered":"Complete farmhouse"},"content":{"rendered":"<h2 class=\"wp-block-heading\">The whole farmhouse for you<\/h2>\r\n<p><!-- \/wp:post-content -->\r\n\r\n<!-- wp:paragraph --><\/p>\r\n<p>Somnis de l&#8217;Empord\u00e0 offers the option of booking the farmhouse for groups and families who want privacy, exclusivity and calm.<\/p>\r\n<p><!-- \/wp:paragraph -->\r\n\r\n<!-- wp:paragraph --><\/p>\r\n<p>-Capacity between 1 person and 15 people. Five double suites and one double family suite with two rooms<\/p>\r\n<p><!-- \/wp:paragraph -->\r\n\r\n<!-- wp:paragraph --><\/p>\r\n<p>-Daily cleaning service.<\/p>\r\n<p><!-- \/wp:paragraph -->\r\n\r\n<!-- wp:paragraph --><\/p>\r\n<p>-Personalized buffet breakfast with local products such as cold meats, Iberian ham, eggs from our henhouse, fruits and vegetables from the garden, homemade cakes, smoothies and natural juices.<\/p>\r\n<p><!-- \/wp:paragraph -->\r\n\r\n<!-- wp:paragraph --><\/p>\r\n<p>-The kitchen is not included in the rent.<\/p>\r\n<p><!-- \/wp:paragraph -->\r\n\r\n<!-- wp:paragraph --><\/p>\r\n<p>-Dinner service, optional and personalized.<\/p>","protected":false},"excerpt":{"rendered":"<p>The whole farmhouse for you Somnis de l&#8217;Empord\u00e0 offers the option of booking the farmhouse for groups and families who want privacy, exclusivity and calm. -Capacity between 1 person and 15 people. Five double suites and one double family suite with two rooms -Daily cleaning service. -Personalized buffet breakfast with local products such as cold [&hellip;]<\/p>\n","protected":false},"author":1,"featured_media":0,"parent":0,"menu_order":0,"comment_status":"closed","ping_status":"closed","template":"","meta":{"_joinchat":[],"footnotes":""},"class_list":["post-1678","page","type-page","status-publish","hentry"],"yoast_head":"<!-- This site is optimized with the Yoast SEO plugin v27.5 - https:\/\/yoast.com\/product\/yoast-seo-wordpress\/ -->\n<title>Complete farmhouse - Somnis de l&#039;Empord\u00e0<\/title>\n<meta name=\"robots\" content=\"index, follow, max-snippet:-1, max-image-preview:large, max-video-preview:-1\" \/>\n<link rel=\"canonical\" href=\"https:\/\/somnisdelemporda.com\/en\/masia-completa\/\" \/>\n<meta property=\"og:locale\" content=\"en_US\" \/>\n<meta property=\"og:type\" content=\"article\" \/>\n<meta property=\"og:title\" content=\"Complete farmhouse - Somnis de l&#039;Empord\u00e0\" \/>\n<meta property=\"og:description\" content=\"The whole farmhouse for you Somnis de l&#8217;Empord\u00e0 offers the option of booking the farmhouse for groups and families who want privacy, exclusivity and calm. -Capacity between 1 person and 15 people. Five double suites and one double family suite with two rooms -Daily cleaning service. -Personalized buffet breakfast with local products such as cold [&hellip;]\" \/>\n<meta property=\"og:url\" content=\"https:\/\/somnisdelemporda.com\/en\/masia-completa\/\" \/>\n<meta property=\"og:site_name\" content=\"Somnis de l&#039;Empord\u00e0\" \/>\n<meta property=\"article:publisher\" content=\"https:\/\/www.facebook.com\/people\/Somnis-de-l-Empord\/100063805333548\/\" \/>\n<meta property=\"article:modified_time\" content=\"2024-06-18T13:33:28+00:00\" \/>\n<meta name=\"twitter:card\" content=\"summary_large_image\" \/>\n<meta name=\"twitter:label1\" content=\"Est. reading time\" \/>\n\t<meta name=\"twitter:data1\" content=\"1 minute\" \/>\n<script type=\"application\/ld+json\" class=\"yoast-schema-graph\">{\"@context\":\"https:\\\/\\\/schema.org\",\"@graph\":[{\"@type\":\"WebPage\",\"@id\":\"https:\\\/\\\/somnisdelemporda.com\\\/en\\\/masia-completa\\\/\",\"url\":\"https:\\\/\\\/somnisdelemporda.com\\\/en\\\/masia-completa\\\/\",\"name\":\"Complete farmhouse - Somnis de l&#039;Empord\u00e0\",\"isPartOf\":{\"@id\":\"https:\\\/\\\/somnisdelemporda.com\\\/en\\\/#website\"},\"datePublished\":\"2024-06-18T13:29:09+00:00\",\"dateModified\":\"2024-06-18T13:33:28+00:00\",\"breadcrumb\":{\"@id\":\"https:\\\/\\\/somnisdelemporda.com\\\/en\\\/masia-completa\\\/#breadcrumb\"},\"inLanguage\":\"en-US\",\"potentialAction\":[{\"@type\":\"ReadAction\",\"target\":[\"https:\\\/\\\/somnisdelemporda.com\\\/en\\\/masia-completa\\\/\"]}]},{\"@type\":\"BreadcrumbList\",\"@id\":\"https:\\\/\\\/somnisdelemporda.com\\\/en\\\/masia-completa\\\/#breadcrumb\",\"itemListElement\":[{\"@type\":\"ListItem\",\"position\":1,\"name\":\"Portada\",\"item\":\"https:\\\/\\\/somnisdelemporda.com\\\/en\\\/\"},{\"@type\":\"ListItem\",\"position\":2,\"name\":\"Complete farmhouse\"}]},{\"@type\":\"WebSite\",\"@id\":\"https:\\\/\\\/somnisdelemporda.com\\\/en\\\/#website\",\"url\":\"https:\\\/\\\/somnisdelemporda.com\\\/en\\\/\",\"name\":\"Somnis de l'Empord\u00e0\",\"description\":\"Mas\u00eda rural en el coraz\u00f3n de l&#039;Empord\u00e0\",\"publisher\":{\"@id\":\"https:\\\/\\\/somnisdelemporda.com\\\/en\\\/#organization\"},\"potentialAction\":[{\"@type\":\"SearchAction\",\"target\":{\"@type\":\"EntryPoint\",\"urlTemplate\":\"https:\\\/\\\/somnisdelemporda.com\\\/en\\\/?s={search_term_string}\"},\"query-input\":{\"@type\":\"PropertyValueSpecification\",\"valueRequired\":true,\"valueName\":\"search_term_string\"}}],\"inLanguage\":\"en-US\"},{\"@type\":\"Organization\",\"@id\":\"https:\\\/\\\/somnisdelemporda.com\\\/en\\\/#organization\",\"name\":\"Somnis de l'Empord\u00e0\",\"url\":\"https:\\\/\\\/somnisdelemporda.com\\\/en\\\/\",\"logo\":{\"@type\":\"ImageObject\",\"inLanguage\":\"en-US\",\"@id\":\"https:\\\/\\\/somnisdelemporda.com\\\/en\\\/#\\\/schema\\\/logo\\\/image\\\/\",\"url\":\"https:\\\/\\\/somnisdelemporda.com\\\/wp-content\\\/uploads\\\/2023\\\/03\\\/logo-somnis-de-lemporda_Logo-sans-serif.svg\",\"contentUrl\":\"https:\\\/\\\/somnisdelemporda.com\\\/wp-content\\\/uploads\\\/2023\\\/03\\\/logo-somnis-de-lemporda_Logo-sans-serif.svg\",\"caption\":\"Somnis de l'Empord\u00e0\"},\"image\":{\"@id\":\"https:\\\/\\\/somnisdelemporda.com\\\/en\\\/#\\\/schema\\\/logo\\\/image\\\/\"},\"sameAs\":[\"https:\\\/\\\/www.facebook.com\\\/people\\\/Somnis-de-l-Empord\\\/100063805333548\\\/\"]}]}<\/script>\n<!-- \/ Yoast SEO plugin. -->","yoast_head_json":{"title":"Complete farmhouse - Somnis de l&#039;Empord\u00e0","robots":{"index":"index","follow":"follow","max-snippet":"max-snippet:-1","max-image-preview":"max-image-preview:large","max-video-preview":"max-video-preview:-1"},"canonical":"https:\/\/somnisdelemporda.com\/en\/masia-completa\/","og_locale":"en_US","og_type":"article","og_title":"Complete farmhouse - Somnis de l&#039;Empord\u00e0","og_description":"The whole farmhouse for you Somnis de l&#8217;Empord\u00e0 offers the option of booking the farmhouse for groups and families who want privacy, exclusivity and calm. -Capacity between 1 person and 15 people. Five double suites and one double family suite with two rooms -Daily cleaning service. -Personalized buffet breakfast with local products such as cold [&hellip;]","og_url":"https:\/\/somnisdelemporda.com\/en\/masia-completa\/","og_site_name":"Somnis de l&#039;Empord\u00e0","article_publisher":"https:\/\/www.facebook.com\/people\/Somnis-de-l-Empord\/100063805333548\/","article_modified_time":"2024-06-18T13:33:28+00:00","twitter_card":"summary_large_image","twitter_misc":{"Est. reading time":"1 minute"},"schema":{"@context":"https:\/\/schema.org","@graph":[{"@type":"WebPage","@id":"https:\/\/somnisdelemporda.com\/en\/masia-completa\/","url":"https:\/\/somnisdelemporda.com\/en\/masia-completa\/","name":"Complete farmhouse - Somnis de l&#039;Empord\u00e0","isPartOf":{"@id":"https:\/\/somnisdelemporda.com\/en\/#website"},"datePublished":"2024-06-18T13:29:09+00:00","dateModified":"2024-06-18T13:33:28+00:00","breadcrumb":{"@id":"https:\/\/somnisdelemporda.com\/en\/masia-completa\/#breadcrumb"},"inLanguage":"en-US","potentialAction":[{"@type":"ReadAction","target":["https:\/\/somnisdelemporda.com\/en\/masia-completa\/"]}]},{"@type":"BreadcrumbList","@id":"https:\/\/somnisdelemporda.com\/en\/masia-completa\/#breadcrumb","itemListElement":[{"@type":"ListItem","position":1,"name":"Portada","item":"https:\/\/somnisdelemporda.com\/en\/"},{"@type":"ListItem","position":2,"name":"Complete farmhouse"}]},{"@type":"WebSite","@id":"https:\/\/somnisdelemporda.com\/en\/#website","url":"https:\/\/somnisdelemporda.com\/en\/","name":"Somnis de l'Empord\u00e0","description":"Mas\u00eda rural en el coraz\u00f3n de l&#039;Empord\u00e0","publisher":{"@id":"https:\/\/somnisdelemporda.com\/en\/#organization"},"potentialAction":[{"@type":"SearchAction","target":{"@type":"EntryPoint","urlTemplate":"https:\/\/somnisdelemporda.com\/en\/?s={search_term_string}"},"query-input":{"@type":"PropertyValueSpecification","valueRequired":true,"valueName":"search_term_string"}}],"inLanguage":"en-US"},{"@type":"Organization","@id":"https:\/\/somnisdelemporda.com\/en\/#organization","name":"Somnis de l'Empord\u00e0","url":"https:\/\/somnisdelemporda.com\/en\/","logo":{"@type":"ImageObject","inLanguage":"en-US","@id":"https:\/\/somnisdelemporda.com\/en\/#\/schema\/logo\/image\/","url":"https:\/\/somnisdelemporda.com\/wp-content\/uploads\/2023\/03\/logo-somnis-de-lemporda_Logo-sans-serif.svg","contentUrl":"https:\/\/somnisdelemporda.com\/wp-content\/uploads\/2023\/03\/logo-somnis-de-lemporda_Logo-sans-serif.svg","caption":"Somnis de l'Empord\u00e0"},"image":{"@id":"https:\/\/somnisdelemporda.com\/en\/#\/schema\/logo\/image\/"},"sameAs":["https:\/\/www.facebook.com\/people\/Somnis-de-l-Empord\/100063805333548\/"]}]}},"_links":{"self":[{"href":"https:\/\/somnisdelemporda.com\/en\/wp-json\/wp\/v2\/pages\/1678","targetHints":{"allow":["GET"]}}],"collection":[{"href":"https:\/\/somnisdelemporda.com\/en\/wp-json\/wp\/v2\/pages"}],"about":[{"href":"https:\/\/somnisdelemporda.com\/en\/wp-json\/wp\/v2\/types\/page"}],"author":[{"embeddable":true,"href":"https:\/\/somnisdelemporda.com\/en\/wp-json\/wp\/v2\/users\/1"}],"replies":[{"embeddable":true,"href":"https:\/\/somnisdelemporda.com\/en\/wp-json\/wp\/v2\/comments?post=1678"}],"version-history":[{"count":3,"href":"https:\/\/somnisdelemporda.com\/en\/wp-json\/wp\/v2\/pages\/1678\/revisions"}],"predecessor-version":[{"id":1684,"href":"https:\/\/somnisdelemporda.com\/en\/wp-json\/wp\/v2\/pages\/1678\/revisions\/1684"}],"wp:attachment":[{"href":"https:\/\/somnisdelemporda.com\/en\/wp-json\/wp\/v2\/media?parent=1678"}],"curies":[{"name":"wp","href":"https:\/\/api.w.org\/{rel}","templated":true}]}}