{"id":1675,"date":"2024-06-18T13:29:09","date_gmt":"2024-06-18T13:29:09","guid":{"rendered":"https:\/\/somnisdelemporda.com\/masia-complete\/"},"modified":"2024-06-18T13:30:47","modified_gmt":"2024-06-18T13:30:47","slug":"masia-complete","status":"publish","type":"page","link":"https:\/\/somnisdelemporda.com\/fr\/masia-complete\/","title":{"rendered":"Masia compl\u00e8te"},"content":{"rendered":"<h2 class=\"wp-block-heading\">Toute la masia pour vous<\/h2>\n<p><!-- \/wp:post-content --><!-- wp:paragraph --><\/p>\n<p>Somnis de l&rsquo;Empord\u00e0 offre la possibilit\u00e9 de r\u00e9server l&rsquo;ensemble de la masia pour les groupes et les familles qui recherchent l&rsquo;intimit\u00e9, l&rsquo;exclusivit\u00e9 et la tranquillit\u00e9.<\/p>\n<p><!-- \/wp:paragraph --><!-- wp:paragraph --><\/p>\n<p>-Capacit\u00e9 entre 1 et 15 personnes. Cinq suites doubles et une suite familiale double avec deux chambres<\/p>\n<p><!-- \/wp:paragraph --><!-- wp:paragraph --><\/p>\n<p>-Service de nettoyage quotidien.<\/p>\n<p><!-- \/wp:paragraph --><!-- wp:paragraph --><\/p>\n<p>Petit d\u00e9jeuner buffet personnalis\u00e9 avec des produits locaux comme la charcuterie, le jambon ib\u00e9rique, les \u0153ufs de notre poulailler, les fruits et l\u00e9gumes de notre jardin, les g\u00e2teaux faits maison, les milk-shakes et les jus naturels.<\/p>\n<p><!-- \/wp:paragraph --><!-- wp:paragraph --><\/p>\n<p>-Le loyer ne comprend pas la cuisine.<\/p>\n<p><!-- \/wp:paragraph --><!-- wp:paragraph --><\/p>\n<p>-Service de table, optionnel et personnalis\u00e9.<\/p>\n","protected":false},"excerpt":{"rendered":"<p>Toute la masia pour vous Somnis de l&rsquo;Empord\u00e0 offre la possibilit\u00e9 de r\u00e9server l&rsquo;ensemble de la masia pour les groupes et les familles qui recherchent l&rsquo;intimit\u00e9, l&rsquo;exclusivit\u00e9 et la tranquillit\u00e9. -Capacit\u00e9 entre 1 et 15 personnes. Cinq suites doubles et une suite familiale double avec deux chambres -Service de nettoyage quotidien. Petit d\u00e9jeuner buffet personnalis\u00e9 [&hellip;]<\/p>\n","protected":false},"author":1,"featured_media":0,"parent":0,"menu_order":0,"comment_status":"closed","ping_status":"closed","template":"","meta":{"_joinchat":[],"footnotes":""},"class_list":["post-1675","page","type-page","status-publish","hentry"],"yoast_head":"<!-- This site is optimized with the Yoast SEO plugin v27.4 - https:\/\/yoast.com\/product\/yoast-seo-wordpress\/ -->\n<title>Masia compl\u00e8te - Somnis de l&#039;Empord\u00e0<\/title>\n<meta name=\"robots\" content=\"index, follow, max-snippet:-1, max-image-preview:large, max-video-preview:-1\" \/>\n<link rel=\"canonical\" href=\"https:\/\/somnisdelemporda.com\/fr\/masia-complete\/\" \/>\n<meta property=\"og:locale\" content=\"fr_FR\" \/>\n<meta property=\"og:type\" content=\"article\" \/>\n<meta property=\"og:title\" content=\"Masia compl\u00e8te - Somnis de l&#039;Empord\u00e0\" \/>\n<meta property=\"og:description\" content=\"Toute la masia pour vous Somnis de l&rsquo;Empord\u00e0 offre la possibilit\u00e9 de r\u00e9server l&rsquo;ensemble de la masia pour les groupes et les familles qui recherchent l&rsquo;intimit\u00e9, l&rsquo;exclusivit\u00e9 et la tranquillit\u00e9. -Capacit\u00e9 entre 1 et 15 personnes. Cinq suites doubles et une suite familiale double avec deux chambres -Service de nettoyage quotidien. Petit d\u00e9jeuner buffet personnalis\u00e9 [&hellip;]\" \/>\n<meta property=\"og:url\" content=\"https:\/\/somnisdelemporda.com\/fr\/masia-complete\/\" \/>\n<meta property=\"og:site_name\" content=\"Somnis de l&#039;Empord\u00e0\" \/>\n<meta property=\"article:publisher\" content=\"https:\/\/www.facebook.com\/people\/Somnis-de-l-Empord\/100063805333548\/\" \/>\n<meta property=\"article:modified_time\" content=\"2024-06-18T13:30:47+00:00\" \/>\n<meta name=\"twitter:card\" content=\"summary_large_image\" \/>\n<meta name=\"twitter:label1\" content=\"Dur\u00e9e de lecture estim\u00e9e\" \/>\n\t<meta name=\"twitter:data1\" content=\"1 minute\" \/>\n<script type=\"application\/ld+json\" class=\"yoast-schema-graph\">{\"@context\":\"https:\\\/\\\/schema.org\",\"@graph\":[{\"@type\":\"WebPage\",\"@id\":\"https:\\\/\\\/somnisdelemporda.com\\\/fr\\\/masia-complete\\\/\",\"url\":\"https:\\\/\\\/somnisdelemporda.com\\\/fr\\\/masia-complete\\\/\",\"name\":\"Masia compl\u00e8te - Somnis de l&#039;Empord\u00e0\",\"isPartOf\":{\"@id\":\"https:\\\/\\\/somnisdelemporda.com\\\/fr\\\/#website\"},\"datePublished\":\"2024-06-18T13:29:09+00:00\",\"dateModified\":\"2024-06-18T13:30:47+00:00\",\"breadcrumb\":{\"@id\":\"https:\\\/\\\/somnisdelemporda.com\\\/fr\\\/masia-complete\\\/#breadcrumb\"},\"inLanguage\":\"fr-FR\",\"potentialAction\":[{\"@type\":\"ReadAction\",\"target\":[\"https:\\\/\\\/somnisdelemporda.com\\\/fr\\\/masia-complete\\\/\"]}]},{\"@type\":\"BreadcrumbList\",\"@id\":\"https:\\\/\\\/somnisdelemporda.com\\\/fr\\\/masia-complete\\\/#breadcrumb\",\"itemListElement\":[{\"@type\":\"ListItem\",\"position\":1,\"name\":\"Portada\",\"item\":\"https:\\\/\\\/somnisdelemporda.com\\\/fr\\\/\"},{\"@type\":\"ListItem\",\"position\":2,\"name\":\"Masia compl\u00e8te\"}]},{\"@type\":\"WebSite\",\"@id\":\"https:\\\/\\\/somnisdelemporda.com\\\/fr\\\/#website\",\"url\":\"https:\\\/\\\/somnisdelemporda.com\\\/fr\\\/\",\"name\":\"Somnis de l'Empord\u00e0\",\"description\":\"Mas\u00eda rural en el coraz\u00f3n de l&#039;Empord\u00e0\",\"publisher\":{\"@id\":\"https:\\\/\\\/somnisdelemporda.com\\\/fr\\\/#organization\"},\"potentialAction\":[{\"@type\":\"SearchAction\",\"target\":{\"@type\":\"EntryPoint\",\"urlTemplate\":\"https:\\\/\\\/somnisdelemporda.com\\\/fr\\\/?s={search_term_string}\"},\"query-input\":{\"@type\":\"PropertyValueSpecification\",\"valueRequired\":true,\"valueName\":\"search_term_string\"}}],\"inLanguage\":\"fr-FR\"},{\"@type\":\"Organization\",\"@id\":\"https:\\\/\\\/somnisdelemporda.com\\\/fr\\\/#organization\",\"name\":\"Somnis de l'Empord\u00e0\",\"url\":\"https:\\\/\\\/somnisdelemporda.com\\\/fr\\\/\",\"logo\":{\"@type\":\"ImageObject\",\"inLanguage\":\"fr-FR\",\"@id\":\"https:\\\/\\\/somnisdelemporda.com\\\/fr\\\/#\\\/schema\\\/logo\\\/image\\\/\",\"url\":\"https:\\\/\\\/somnisdelemporda.com\\\/wp-content\\\/uploads\\\/2023\\\/03\\\/logo-somnis-de-lemporda_Logo-sans-serif.svg\",\"contentUrl\":\"https:\\\/\\\/somnisdelemporda.com\\\/wp-content\\\/uploads\\\/2023\\\/03\\\/logo-somnis-de-lemporda_Logo-sans-serif.svg\",\"caption\":\"Somnis de l'Empord\u00e0\"},\"image\":{\"@id\":\"https:\\\/\\\/somnisdelemporda.com\\\/fr\\\/#\\\/schema\\\/logo\\\/image\\\/\"},\"sameAs\":[\"https:\\\/\\\/www.facebook.com\\\/people\\\/Somnis-de-l-Empord\\\/100063805333548\\\/\"]}]}<\/script>\n<!-- \/ Yoast SEO plugin. -->","yoast_head_json":{"title":"Masia compl\u00e8te - Somnis de l&#039;Empord\u00e0","robots":{"index":"index","follow":"follow","max-snippet":"max-snippet:-1","max-image-preview":"max-image-preview:large","max-video-preview":"max-video-preview:-1"},"canonical":"https:\/\/somnisdelemporda.com\/fr\/masia-complete\/","og_locale":"fr_FR","og_type":"article","og_title":"Masia compl\u00e8te - Somnis de l&#039;Empord\u00e0","og_description":"Toute la masia pour vous Somnis de l&rsquo;Empord\u00e0 offre la possibilit\u00e9 de r\u00e9server l&rsquo;ensemble de la masia pour les groupes et les familles qui recherchent l&rsquo;intimit\u00e9, l&rsquo;exclusivit\u00e9 et la tranquillit\u00e9. -Capacit\u00e9 entre 1 et 15 personnes. Cinq suites doubles et une suite familiale double avec deux chambres -Service de nettoyage quotidien. Petit d\u00e9jeuner buffet personnalis\u00e9 [&hellip;]","og_url":"https:\/\/somnisdelemporda.com\/fr\/masia-complete\/","og_site_name":"Somnis de l&#039;Empord\u00e0","article_publisher":"https:\/\/www.facebook.com\/people\/Somnis-de-l-Empord\/100063805333548\/","article_modified_time":"2024-06-18T13:30:47+00:00","twitter_card":"summary_large_image","twitter_misc":{"Dur\u00e9e de lecture estim\u00e9e":"1 minute"},"schema":{"@context":"https:\/\/schema.org","@graph":[{"@type":"WebPage","@id":"https:\/\/somnisdelemporda.com\/fr\/masia-complete\/","url":"https:\/\/somnisdelemporda.com\/fr\/masia-complete\/","name":"Masia compl\u00e8te - Somnis de l&#039;Empord\u00e0","isPartOf":{"@id":"https:\/\/somnisdelemporda.com\/fr\/#website"},"datePublished":"2024-06-18T13:29:09+00:00","dateModified":"2024-06-18T13:30:47+00:00","breadcrumb":{"@id":"https:\/\/somnisdelemporda.com\/fr\/masia-complete\/#breadcrumb"},"inLanguage":"fr-FR","potentialAction":[{"@type":"ReadAction","target":["https:\/\/somnisdelemporda.com\/fr\/masia-complete\/"]}]},{"@type":"BreadcrumbList","@id":"https:\/\/somnisdelemporda.com\/fr\/masia-complete\/#breadcrumb","itemListElement":[{"@type":"ListItem","position":1,"name":"Portada","item":"https:\/\/somnisdelemporda.com\/fr\/"},{"@type":"ListItem","position":2,"name":"Masia compl\u00e8te"}]},{"@type":"WebSite","@id":"https:\/\/somnisdelemporda.com\/fr\/#website","url":"https:\/\/somnisdelemporda.com\/fr\/","name":"Somnis de l'Empord\u00e0","description":"Mas\u00eda rural en el coraz\u00f3n de l&#039;Empord\u00e0","publisher":{"@id":"https:\/\/somnisdelemporda.com\/fr\/#organization"},"potentialAction":[{"@type":"SearchAction","target":{"@type":"EntryPoint","urlTemplate":"https:\/\/somnisdelemporda.com\/fr\/?s={search_term_string}"},"query-input":{"@type":"PropertyValueSpecification","valueRequired":true,"valueName":"search_term_string"}}],"inLanguage":"fr-FR"},{"@type":"Organization","@id":"https:\/\/somnisdelemporda.com\/fr\/#organization","name":"Somnis de l'Empord\u00e0","url":"https:\/\/somnisdelemporda.com\/fr\/","logo":{"@type":"ImageObject","inLanguage":"fr-FR","@id":"https:\/\/somnisdelemporda.com\/fr\/#\/schema\/logo\/image\/","url":"https:\/\/somnisdelemporda.com\/wp-content\/uploads\/2023\/03\/logo-somnis-de-lemporda_Logo-sans-serif.svg","contentUrl":"https:\/\/somnisdelemporda.com\/wp-content\/uploads\/2023\/03\/logo-somnis-de-lemporda_Logo-sans-serif.svg","caption":"Somnis de l'Empord\u00e0"},"image":{"@id":"https:\/\/somnisdelemporda.com\/fr\/#\/schema\/logo\/image\/"},"sameAs":["https:\/\/www.facebook.com\/people\/Somnis-de-l-Empord\/100063805333548\/"]}]}},"_links":{"self":[{"href":"https:\/\/somnisdelemporda.com\/fr\/wp-json\/wp\/v2\/pages\/1675","targetHints":{"allow":["GET"]}}],"collection":[{"href":"https:\/\/somnisdelemporda.com\/fr\/wp-json\/wp\/v2\/pages"}],"about":[{"href":"https:\/\/somnisdelemporda.com\/fr\/wp-json\/wp\/v2\/types\/page"}],"author":[{"embeddable":true,"href":"https:\/\/somnisdelemporda.com\/fr\/wp-json\/wp\/v2\/users\/1"}],"replies":[{"embeddable":true,"href":"https:\/\/somnisdelemporda.com\/fr\/wp-json\/wp\/v2\/comments?post=1675"}],"version-history":[{"count":2,"href":"https:\/\/somnisdelemporda.com\/fr\/wp-json\/wp\/v2\/pages\/1675\/revisions"}],"predecessor-version":[{"id":1677,"href":"https:\/\/somnisdelemporda.com\/fr\/wp-json\/wp\/v2\/pages\/1675\/revisions\/1677"}],"wp:attachment":[{"href":"https:\/\/somnisdelemporda.com\/fr\/wp-json\/wp\/v2\/media?parent=1675"}],"curies":[{"name":"wp","href":"https:\/\/api.w.org\/{rel}","templated":true}]}}